{"id":11,"date":"2023-08-24T15:03:32","date_gmt":"2023-08-24T15:03:32","guid":{"rendered":"http:\/\/149.56.44.161\/?page_id=11"},"modified":"2025-11-10T21:15:31","modified_gmt":"2025-11-11T02:15:31","slug":"contact","status":"publish","type":"page","link":"http:\/\/rugbybraves.ca\/index.php\/contact\/","title":{"rendered":"Contactez-nous"},"content":{"rendered":"\t\t<div data-elementor-type=\"wp-page\" data-elementor-id=\"11\" class=\"elementor elementor-11\">\n\t\t\t\t<header class=\"elementor-element elementor-element-1de32a28 e-con-full e-flex e-con e-parent\" data-id=\"1de32a28\" data-element_type=\"container\" data-settings=\"{&quot;content_width&quot;:&quot;full&quot;,&quot;background_background&quot;:&quot;classic&quot;,&quot;shape_divider_top&quot;:&quot;curve&quot;}\" data-core-v316-plus=\"true\">\n\t\t\t\t<div class=\"elementor-shape elementor-shape-top\" data-negative=\"false\">\n\t\t\t<svg xmlns=\"http:\/\/www.w3.org\/2000\/svg\" viewBox=\"0 0 1000 100\" preserveAspectRatio=\"none\">\n    <path class=\"elementor-shape-fill\" d=\"M1000,4.3V0H0v4.3C0.9,23.1,126.7,99.2,500,100S1000,22.7,1000,4.3z\"\/>\n<\/svg>\t\t<\/div>\n\t\t<div class=\"elementor-element elementor-element-4846c710 e-con-full e-flex e-con e-child\" data-id=\"4846c710\" data-element_type=\"container\" data-settings=\"{&quot;content_width&quot;:&quot;full&quot;}\">\n\t\t\t\t<div class=\"elementor-element elementor-element-25457a2d elementor-widget__width-initial elementor-widget elementor-widget-image\" data-id=\"25457a2d\" data-element_type=\"widget\" data-widget_type=\"image.default\">\n\t\t\t\t<div class=\"elementor-widget-container\">\n\t\t\t<style>\/*! elementor - v3.19.0 - 07-02-2024 *\/\n.elementor-widget-image{text-align:center}.elementor-widget-image a{display:inline-block}.elementor-widget-image a img[src$=\".svg\"]{width:48px}.elementor-widget-image img{vertical-align:middle;display:inline-block}<\/style>\t\t\t\t\t\t\t\t\t\t<img fetchpriority=\"high\" decoding=\"async\" width=\"1290\" height=\"968\" src=\"http:\/\/rugbybraves.ca\/wp-content\/uploads\/2023\/10\/Braves-equipe-fille.jpg\" class=\"attachment-full size-full wp-image-432\" alt=\"equipe-juniors\" srcset=\"http:\/\/rugbybraves.ca\/wp-content\/uploads\/2023\/10\/Braves-equipe-fille.jpg 1290w, http:\/\/rugbybraves.ca\/wp-content\/uploads\/2023\/10\/Braves-equipe-fille-300x225.jpg 300w, http:\/\/rugbybraves.ca\/wp-content\/uploads\/2023\/10\/Braves-equipe-fille-1024x768.jpg 1024w, http:\/\/rugbybraves.ca\/wp-content\/uploads\/2023\/10\/Braves-equipe-fille-768x576.jpg 768w, http:\/\/rugbybraves.ca\/wp-content\/uploads\/2023\/10\/Braves-equipe-fille-600x450.jpg 600w\" sizes=\"(max-width: 1290px) 100vw, 1290px\" \/>\t\t\t\t\t\t\t\t\t\t\t\t\t<\/div>\n\t\t\t\t<\/div>\n\t\t\t\t<\/div>\n\t\t<div class=\"elementor-element elementor-element-2d7e043 e-con-full e-flex e-con e-child\" data-id=\"2d7e043\" data-element_type=\"container\" data-settings=\"{&quot;content_width&quot;:&quot;full&quot;}\">\n\t\t\t\t<div class=\"elementor-element elementor-element-fba8d0c elementor-widget elementor-widget-heading\" data-id=\"fba8d0c\" data-element_type=\"widget\" data-widget_type=\"heading.default\">\n\t\t\t\t<div class=\"elementor-widget-container\">\n\t\t\t<style>\/*! elementor - v3.19.0 - 07-02-2024 *\/\n.elementor-heading-title{padding:0;margin:0;line-height:1}.elementor-widget-heading .elementor-heading-title[class*=elementor-size-]>a{color:inherit;font-size:inherit;line-height:inherit}.elementor-widget-heading .elementor-heading-title.elementor-size-small{font-size:15px}.elementor-widget-heading .elementor-heading-title.elementor-size-medium{font-size:19px}.elementor-widget-heading .elementor-heading-title.elementor-size-large{font-size:29px}.elementor-widget-heading .elementor-heading-title.elementor-size-xl{font-size:39px}.elementor-widget-heading .elementor-heading-title.elementor-size-xxl{font-size:59px}<\/style><h2 class=\"elementor-heading-title elementor-size-default\"><br><p>N'h\u00e9sitez pas \u00e0 nous contacter.<\/p><span style=\"color: var( --e-global-color-primary ); font-family: var( --e-global-typography-primary-font-family ), Sans-serif; font-weight: var( --e-global-typography-primary-font-weight ); text-align: var(--text-align);\">Nous serions ravis d'\u00e9changer avec vous!<\/span><\/h2>\t\t<\/div>\n\t\t\t\t<\/div>\n\t\t\t\t<\/div>\n\t\t\t\t<\/header>\n\t\t<div class=\"elementor-element elementor-element-dd26e01 e-flex e-con-boxed e-con e-parent\" data-id=\"dd26e01\" data-element_type=\"container\" data-settings=\"{&quot;background_background&quot;:&quot;classic&quot;,&quot;content_width&quot;:&quot;boxed&quot;}\" data-core-v316-plus=\"true\">\n\t\t\t\t\t<div class=\"e-con-inner\">\n\t\t\t\t<div class=\"elementor-element elementor-element-fc6d7cd elementor-widget elementor-widget-shortcode\" data-id=\"fc6d7cd\" data-element_type=\"widget\" data-widget_type=\"shortcode.default\">\n\t\t\t\t<div class=\"elementor-widget-container\">\n\t\t\t\t\t<div class=\"elementor-shortcode\"><form action=\"mailto:rugbybraves@gmail.com\" method=\"post\" enctype=\"text\/plain\" class=\"contact-form\">\n  <label for=\"name\">Nom :<\/label>\n  <input type=\"text\" id=\"name\" name=\"name\" required>\n\n  <label for=\"email\">Courriel :<\/label>\n  <input type=\"email\" id=\"email\" name=\"email\" required>\n\n  <label for=\"subject\">Sujet :<\/label>\n  <input type=\"text\" id=\"subject\" name=\"subject\">\n\n  <label for=\"message\">Message :<\/label>\n  <textarea id=\"message\" name=\"message\" rows=\"5\" required><\/textarea>\n\n  <button type=\"submit\">Envoyer<\/button>\n<\/form>\n\n<style>\n.contact-form {\n  max-width: 500px;\n  margin: 20px auto;\n  display: flex;\n  flex-direction: column;\n  gap: 12px;\n}\n.contact-form label {\n  font-weight: 600;\n}\n.contact-form input, .contact-form textarea {\n  width: 100%;\n  padding: 8px;\n  border: 1px solid #ccc;\n  border-radius: 6px;\n}\n.contact-form button {\n  background-color: #0073aa;\n  color: white;\n  border: none;\n  padding: 10px;\n  border-radius: 6px;\n  cursor: pointer;\n}\n.contact-form button:hover {\n  background-color: #005f8d;\n}\n<\/style>\n<\/div>\n\t\t\t\t<\/div>\n\t\t\t\t<\/div>\n\t\t\t\t\t<\/div>\n\t\t\t\t<\/div>\n\t\t<div class=\"elementor-element elementor-element-37a7547 e-flex e-con-boxed e-con e-parent\" data-id=\"37a7547\" data-element_type=\"container\" data-settings=\"{&quot;background_background&quot;:&quot;classic&quot;,&quot;content_width&quot;:&quot;boxed&quot;}\" data-core-v316-plus=\"true\">\n\t\t\t\t\t<div class=\"e-con-inner\">\n\t\t<div class=\"elementor-element elementor-element-6637b10 e-con-full e-flex e-con e-child\" data-id=\"6637b10\" data-element_type=\"container\" data-settings=\"{&quot;content_width&quot;:&quot;full&quot;}\">\n\t\t\t\t<div class=\"elementor-element elementor-element-aba8d48 elementor-widget elementor-widget-text-editor\" data-id=\"aba8d48\" data-element_type=\"widget\" data-widget_type=\"text-editor.default\">\n\t\t\t\t<div class=\"elementor-widget-container\">\n\t\t\t<style>\/*! elementor - v3.19.0 - 07-02-2024 *\/\n.elementor-widget-text-editor.elementor-drop-cap-view-stacked .elementor-drop-cap{background-color:#69727d;color:#fff}.elementor-widget-text-editor.elementor-drop-cap-view-framed .elementor-drop-cap{color:#69727d;border:3px solid;background-color:transparent}.elementor-widget-text-editor:not(.elementor-drop-cap-view-default) .elementor-drop-cap{margin-top:8px}.elementor-widget-text-editor:not(.elementor-drop-cap-view-default) .elementor-drop-cap-letter{width:1em;height:1em}.elementor-widget-text-editor .elementor-drop-cap{float:left;text-align:center;line-height:1;font-size:50px}.elementor-widget-text-editor .elementor-drop-cap-letter{display:inline-block}<\/style>\t\t\t\t\t\t\t\t\t\t<\/div>\n\t\t\t\t<\/div>\n\t\t\t\t<\/div>\n\t\t<div class=\"elementor-element elementor-element-b1e743c e-con-full e-flex e-con e-child\" data-id=\"b1e743c\" data-element_type=\"container\" data-settings=\"{&quot;content_width&quot;:&quot;full&quot;}\">\n\t\t\t\t<div class=\"elementor-element elementor-element-1040179 elementor-widget elementor-widget-google_maps\" data-id=\"1040179\" data-element_type=\"widget\" data-widget_type=\"google_maps.default\">\n\t\t\t\t<div class=\"elementor-widget-container\">\n\t\t\t<style>\/*! elementor - v3.19.0 - 07-02-2024 *\/\n.elementor-widget-google_maps .elementor-widget-container{overflow:hidden}.elementor-widget-google_maps .elementor-custom-embed{line-height:0}.elementor-widget-google_maps iframe{height:300px}<\/style>\t\t<div class=\"elementor-custom-embed\">\n\t\t\t<iframe loading=\"lazy\"\n\t\t\t\t\tsrc=\"https:\/\/maps.google.com\/maps?q=Braves%20de%20Trois-Rivi%C3%A8res&#038;t=m&#038;z=13&#038;output=embed&#038;iwloc=near\"\n\t\t\t\t\ttitle=\"Braves de Trois-Rivi\u00e8res\"\n\t\t\t\t\taria-label=\"Braves de Trois-Rivi\u00e8res\"\n\t\t\t><\/iframe>\n\t\t<\/div>\n\t\t\t\t<\/div>\n\t\t\t\t<\/div>\n\t\t\t\t<\/div>\n\t\t\t\t\t<\/div>\n\t\t\t\t<\/div>\n\t\t\t\t<\/div>\n\t\t","protected":false},"excerpt":{"rendered":"<p>N&rsquo;h\u00e9sitez pas \u00e0 nous contacter. Nous serions ravis d&rsquo;\u00e9changer avec vous! Nom : Courriel : Sujet : Message : Envoyer<\/p>\n","protected":false},"author":1,"featured_media":0,"parent":0,"menu_order":0,"comment_status":"closed","ping_status":"closed","template":"template-parts\/template-full-width.php","meta":{"footnotes":""},"acf":[],"_links":{"self":[{"href":"http:\/\/rugbybraves.ca\/index.php\/wp-json\/wp\/v2\/pages\/11"}],"collection":[{"href":"http:\/\/rugbybraves.ca\/index.php\/wp-json\/wp\/v2\/pages"}],"about":[{"href":"http:\/\/rugbybraves.ca\/index.php\/wp-json\/wp\/v2\/types\/page"}],"author":[{"embeddable":true,"href":"http:\/\/rugbybraves.ca\/index.php\/wp-json\/wp\/v2\/users\/1"}],"replies":[{"embeddable":true,"href":"http:\/\/rugbybraves.ca\/index.php\/wp-json\/wp\/v2\/comments?post=11"}],"version-history":[{"count":63,"href":"http:\/\/rugbybraves.ca\/index.php\/wp-json\/wp\/v2\/pages\/11\/revisions"}],"predecessor-version":[{"id":1528,"href":"http:\/\/rugbybraves.ca\/index.php\/wp-json\/wp\/v2\/pages\/11\/revisions\/1528"}],"wp:attachment":[{"href":"http:\/\/rugbybraves.ca\/index.php\/wp-json\/wp\/v2\/media?parent=11"}],"curies":[{"name":"wp","href":"https:\/\/api.w.org\/{rel}","templated":true}]}}