{"id":159,"date":"2023-09-13T20:40:50","date_gmt":"2023-09-14T00:40:50","guid":{"rendered":"http:\/\/rugbybraves.ca\/?page_id=159"},"modified":"2023-11-04T14:51:31","modified_gmt":"2023-11-04T18:51:31","slug":"masculine","status":"publish","type":"page","link":"http:\/\/rugbybraves.ca\/index.php\/media\/masculine\/","title":{"rendered":"\u00c9quipe masculine"},"content":{"rendered":"\t\t<div data-elementor-type=\"wp-page\" data-elementor-id=\"159\" class=\"elementor elementor-159\">\n\t\t\t\t<div class=\"elementor-element elementor-element-2fc697cf e-flex e-con-boxed e-con e-parent\" data-id=\"2fc697cf\" data-element_type=\"container\" data-settings=\"{&quot;content_width&quot;:&quot;boxed&quot;}\" data-core-v316-plus=\"true\">\n\t\t\t\t\t<div class=\"e-con-inner\">\n\t\t\t\t<div class=\"elementor-element elementor-element-52949b1 elementor-widget elementor-widget-heading\" data-id=\"52949b1\" data-element_type=\"widget\" data-widget_type=\"heading.default\">\n\t\t\t\t<div class=\"elementor-widget-container\">\n\t\t\t<style>\/*! elementor - v3.19.0 - 07-02-2024 *\/\n.elementor-heading-title{padding:0;margin:0;line-height:1}.elementor-widget-heading .elementor-heading-title[class*=elementor-size-]>a{color:inherit;font-size:inherit;line-height:inherit}.elementor-widget-heading .elementor-heading-title.elementor-size-small{font-size:15px}.elementor-widget-heading .elementor-heading-title.elementor-size-medium{font-size:19px}.elementor-widget-heading .elementor-heading-title.elementor-size-large{font-size:29px}.elementor-widget-heading .elementor-heading-title.elementor-size-xl{font-size:39px}.elementor-widget-heading .elementor-heading-title.elementor-size-xxl{font-size:59px}<\/style><h2 class=\"elementor-heading-title elementor-size-default\">Album photos<\/h2>\t\t<\/div>\n\t\t\t\t<\/div>\n\t\t\t\t<div class=\"elementor-element elementor-element-164e5d2 elementor-widget elementor-widget-image-gallery\" data-id=\"164e5d2\" data-element_type=\"widget\" data-widget_type=\"image-gallery.default\">\n\t\t\t\t<div class=\"elementor-widget-container\">\n\t\t\t<style>\/*! elementor - v3.19.0 - 07-02-2024 *\/\n.elementor-image-gallery .gallery-item{display:inline-block;text-align:center;vertical-align:top;width:100%;max-width:100%;margin:0 auto}.elementor-image-gallery .gallery-item img{margin:0 auto}.elementor-image-gallery .gallery-item .gallery-caption{margin:0}.elementor-image-gallery figure img{display:block}.elementor-image-gallery figure figcaption{width:100%}.gallery-spacing-custom .elementor-image-gallery .gallery-icon{padding:0}@media (min-width:768px){.elementor-image-gallery .gallery-columns-2 .gallery-item{max-width:50%}.elementor-image-gallery .gallery-columns-3 .gallery-item{max-width:33.33%}.elementor-image-gallery .gallery-columns-4 .gallery-item{max-width:25%}.elementor-image-gallery .gallery-columns-5 .gallery-item{max-width:20%}.elementor-image-gallery .gallery-columns-6 .gallery-item{max-width:16.666%}.elementor-image-gallery .gallery-columns-7 .gallery-item{max-width:14.28%}.elementor-image-gallery .gallery-columns-8 .gallery-item{max-width:12.5%}.elementor-image-gallery .gallery-columns-9 .gallery-item{max-width:11.11%}.elementor-image-gallery .gallery-columns-10 .gallery-item{max-width:10%}}@media (min-width:480px) and (max-width:767px){.elementor-image-gallery .gallery.gallery-columns-2 .gallery-item,.elementor-image-gallery .gallery.gallery-columns-3 .gallery-item,.elementor-image-gallery .gallery.gallery-columns-4 .gallery-item,.elementor-image-gallery .gallery.gallery-columns-5 .gallery-item,.elementor-image-gallery .gallery.gallery-columns-6 .gallery-item,.elementor-image-gallery .gallery.gallery-columns-7 .gallery-item,.elementor-image-gallery .gallery.gallery-columns-8 .gallery-item,.elementor-image-gallery .gallery.gallery-columns-9 .gallery-item,.elementor-image-gallery .gallery.gallery-columns-10 .gallery-item{max-width:50%}}@media (max-width:479px){.elementor-image-gallery .gallery.gallery-columns-2 .gallery-item,.elementor-image-gallery .gallery.gallery-columns-3 .gallery-item,.elementor-image-gallery .gallery.gallery-columns-4 .gallery-item,.elementor-image-gallery .gallery.gallery-columns-5 .gallery-item,.elementor-image-gallery .gallery.gallery-columns-6 .gallery-item,.elementor-image-gallery .gallery.gallery-columns-7 .gallery-item,.elementor-image-gallery .gallery.gallery-columns-8 .gallery-item,.elementor-image-gallery .gallery.gallery-columns-9 .gallery-item,.elementor-image-gallery .gallery.gallery-columns-10 .gallery-item{max-width:100%}}<\/style>\t\t<div class=\"elementor-image-gallery\">\n\t\t\t\n\t\t<style type=\"text\/css\">\n\t\t\t#gallery-1 {\n\t\t\t\tmargin: auto;\n\t\t\t}\n\t\t\t#gallery-1 .gallery-item {\n\t\t\t\tfloat: left;\n\t\t\t\tmargin-top: 10px;\n\t\t\t\ttext-align: center;\n\t\t\t\twidth: 25%;\n\t\t\t}\n\t\t\t#gallery-1 img {\n\t\t\t\tborder: 2px solid #cfcfcf;\n\t\t\t}\n\t\t\t#gallery-1 .gallery-caption {\n\t\t\t\tmargin-left: 0;\n\t\t\t}\n\t\t\t\/* see gallery_shortcode() in wp-includes\/media.php *\/\n\t\t<\/style>\n\t\t<div id='gallery-1' class='gallery galleryid-159 gallery-columns-4 gallery-size-homepage-thumb'><dl class='gallery-item'>\n\t\t\t<dt class='gallery-icon landscape'>\n\t\t\t\t<a data-elementor-open-lightbox=\"yes\" data-elementor-lightbox-slideshow=\"164e5d2\" data-elementor-lightbox-description=\"\u00e9quipe 4 septembre\" data-e-action-hash=\"#elementor-action%3Aaction%3Dlightbox%26settings%3DeyJpZCI6MTI3MywidXJsIjoiaHR0cDpcL1wvcnVnYnlicmF2ZXMuY2FcL3dwLWNvbnRlbnRcL3VwbG9hZHNcLzIwMjNcLzEwXC9lcXVpcGUtNC1zZXB0ZW1icmUtMS5qcGciLCJzbGlkZXNob3ciOiIxNjRlNWQyIn0%3D\" href='http:\/\/rugbybraves.ca\/wp-content\/uploads\/2023\/10\/equipe-4-septembre-1.jpg'><img width=\"240\" height=\"145\" src=\"http:\/\/rugbybraves.ca\/wp-content\/uploads\/2023\/10\/equipe-4-septembre-1-240x145.jpg\" class=\"attachment-homepage-thumb size-homepage-thumb\" alt=\"\" decoding=\"async\" \/><\/a>\n\t\t\t<\/dt><\/dl><dl class='gallery-item'>\n\t\t\t<dt class='gallery-icon landscape'>\n\t\t\t\t<a data-elementor-open-lightbox=\"yes\" data-elementor-lightbox-slideshow=\"164e5d2\" data-elementor-lightbox-description=\"366705244_754934443100296_5444746811557351578_n\" data-e-action-hash=\"#elementor-action%3Aaction%3Dlightbox%26settings%3DeyJpZCI6MzI3LCJ1cmwiOiJodHRwOlwvXC9ydWdieWJyYXZlcy5jYVwvd3AtY29udGVudFwvdXBsb2Fkc1wvMjAyM1wvMDlcLzM2NjcwNTI0NF83NTQ5MzQ0NDMxMDAyOTZfNTQ0NDc0NjgxMTU1NzM1MTU3OF9uLTMuanBnIiwic2xpZGVzaG93IjoiMTY0ZTVkMiJ9\" href='http:\/\/rugbybraves.ca\/wp-content\/uploads\/2023\/09\/366705244_754934443100296_5444746811557351578_n-3.jpg'><img width=\"240\" height=\"145\" src=\"http:\/\/rugbybraves.ca\/wp-content\/uploads\/2023\/09\/366705244_754934443100296_5444746811557351578_n-3-240x145.jpg\" class=\"attachment-homepage-thumb size-homepage-thumb\" alt=\"\" decoding=\"async\" \/><\/a>\n\t\t\t<\/dt><\/dl><dl class='gallery-item'>\n\t\t\t<dt class='gallery-icon landscape'>\n\t\t\t\t<a data-elementor-open-lightbox=\"yes\" data-elementor-lightbox-slideshow=\"164e5d2\" data-elementor-lightbox-description=\"Test Titre\" data-e-action-hash=\"#elementor-action%3Aaction%3Dlightbox%26settings%3DeyJpZCI6Mjg0LCJ1cmwiOiJodHRwOlwvXC9ydWdieWJyYXZlcy5jYVwvd3AtY29udGVudFwvdXBsb2Fkc1wvMjAyM1wvMDlcL3BsYWNhZ2UuanBnIiwic2xpZGVzaG93IjoiMTY0ZTVkMiJ9\" href='http:\/\/rugbybraves.ca\/wp-content\/uploads\/2023\/09\/placage.jpg'><img width=\"240\" height=\"145\" src=\"http:\/\/rugbybraves.ca\/wp-content\/uploads\/2023\/09\/placage-240x145.jpg\" class=\"attachment-homepage-thumb size-homepage-thumb\" alt=\"\" decoding=\"async\" aria-describedby=\"gallery-1-284\" \/><\/a>\n\t\t\t<\/dt>\n\t\t\t\t<dd class='wp-caption-text gallery-caption' id='gallery-1-284'>\n\t\t\t\t\u00c9quipe Junior\n\t\t\t\t<\/dd><\/dl><dl class='gallery-item'>\n\t\t\t<dt class='gallery-icon landscape'>\n\t\t\t\t<a data-elementor-open-lightbox=\"yes\" data-elementor-lightbox-slideshow=\"164e5d2\" data-elementor-lightbox-description=\"placage\" data-e-action-hash=\"#elementor-action%3Aaction%3Dlightbox%26settings%3DeyJpZCI6MzI5LCJ1cmwiOiJodHRwOlwvXC9ydWdieWJyYXZlcy5jYVwvd3AtY29udGVudFwvdXBsb2Fkc1wvMjAyM1wvMDlcL3BsYWNhZ2UtMS5qcGciLCJzbGlkZXNob3ciOiIxNjRlNWQyIn0%3D\" href='http:\/\/rugbybraves.ca\/wp-content\/uploads\/2023\/09\/placage-1.jpg'><img loading=\"lazy\" width=\"240\" height=\"145\" src=\"http:\/\/rugbybraves.ca\/wp-content\/uploads\/2023\/09\/placage-1-240x145.jpg\" class=\"attachment-homepage-thumb size-homepage-thumb\" alt=\"\" decoding=\"async\" aria-describedby=\"gallery-1-329\" \/><\/a>\n\t\t\t<\/dt>\n\t\t\t\t<dd class='wp-caption-text gallery-caption' id='gallery-1-329'>\n\t\t\t\t\u00c9quipe Masculine\n\t\t\t\t<\/dd><\/dl><br style=\"clear: both\" \/><dl class='gallery-item'>\n\t\t\t<dt class='gallery-icon landscape'>\n\t\t\t\t<a data-elementor-open-lightbox=\"yes\" data-elementor-lightbox-slideshow=\"164e5d2\" data-elementor-lightbox-description=\"photo-01\" data-e-action-hash=\"#elementor-action%3Aaction%3Dlightbox%26settings%3DeyJpZCI6MTM3NiwidXJsIjoiaHR0cDpcL1wvcnVnYnlicmF2ZXMuY2FcL3dwLWNvbnRlbnRcL3VwbG9hZHNcLzIwMjNcLzExXC9waG90by0wMS0yLXNjYWxlZC5qcGciLCJzbGlkZXNob3ciOiIxNjRlNWQyIn0%3D\" href='http:\/\/rugbybraves.ca\/wp-content\/uploads\/2023\/11\/photo-01-2-scaled.jpg'><img loading=\"lazy\" width=\"240\" height=\"145\" src=\"http:\/\/rugbybraves.ca\/wp-content\/uploads\/2023\/11\/photo-01-2-240x145.jpg\" class=\"attachment-homepage-thumb size-homepage-thumb\" alt=\"\" decoding=\"async\" \/><\/a>\n\t\t\t<\/dt><\/dl><dl class='gallery-item'>\n\t\t\t<dt class='gallery-icon landscape'>\n\t\t\t\t<a data-elementor-open-lightbox=\"yes\" data-elementor-lightbox-slideshow=\"164e5d2\" data-elementor-lightbox-description=\"photo-05\" data-e-action-hash=\"#elementor-action%3Aaction%3Dlightbox%26settings%3DeyJpZCI6MTM3NywidXJsIjoiaHR0cDpcL1wvcnVnYnlicmF2ZXMuY2FcL3dwLWNvbnRlbnRcL3VwbG9hZHNcLzIwMjNcLzExXC9waG90by0wNS1zY2FsZWQuanBnIiwic2xpZGVzaG93IjoiMTY0ZTVkMiJ9\" href='http:\/\/rugbybraves.ca\/wp-content\/uploads\/2023\/11\/photo-05-scaled.jpg'><img loading=\"lazy\" width=\"240\" height=\"145\" src=\"http:\/\/rugbybraves.ca\/wp-content\/uploads\/2023\/11\/photo-05-240x145.jpg\" class=\"attachment-homepage-thumb size-homepage-thumb\" alt=\"\" decoding=\"async\" \/><\/a>\n\t\t\t<\/dt><\/dl><dl class='gallery-item'>\n\t\t\t<dt class='gallery-icon landscape'>\n\t\t\t\t<a data-elementor-open-lightbox=\"yes\" data-elementor-lightbox-slideshow=\"164e5d2\" data-elementor-lightbox-description=\"photo-18\" data-e-action-hash=\"#elementor-action%3Aaction%3Dlightbox%26settings%3DeyJpZCI6MTM3NCwidXJsIjoiaHR0cDpcL1wvcnVnYnlicmF2ZXMuY2FcL3dwLWNvbnRlbnRcL3VwbG9hZHNcLzIwMjNcLzExXC9waG90by0xOC1zY2FsZWQuanBnIiwic2xpZGVzaG93IjoiMTY0ZTVkMiJ9\" href='http:\/\/rugbybraves.ca\/wp-content\/uploads\/2023\/11\/photo-18-scaled.jpg'><img loading=\"lazy\" width=\"240\" height=\"145\" src=\"http:\/\/rugbybraves.ca\/wp-content\/uploads\/2023\/11\/photo-18-240x145.jpg\" class=\"attachment-homepage-thumb size-homepage-thumb\" alt=\"\" decoding=\"async\" \/><\/a>\n\t\t\t<\/dt><\/dl><dl class='gallery-item'>\n\t\t\t<dt class='gallery-icon landscape'>\n\t\t\t\t<a data-elementor-open-lightbox=\"yes\" data-elementor-lightbox-slideshow=\"164e5d2\" data-elementor-lightbox-description=\"Gabriel Bilodeau\" data-e-action-hash=\"#elementor-action%3Aaction%3Dlightbox%26settings%3DeyJpZCI6MTM2NiwidXJsIjoiaHR0cDpcL1wvcnVnYnlicmF2ZXMuY2FcL3dwLWNvbnRlbnRcL3VwbG9hZHNcLzIwMjNcLzExXC9HYWJyaWVsLUJpbG9kZWF1LXNjYWxlZC5qcGciLCJzbGlkZXNob3ciOiIxNjRlNWQyIn0%3D\" href='http:\/\/rugbybraves.ca\/wp-content\/uploads\/2023\/11\/Gabriel-Bilodeau-scaled.jpg'><img loading=\"lazy\" width=\"240\" height=\"145\" src=\"http:\/\/rugbybraves.ca\/wp-content\/uploads\/2023\/11\/Gabriel-Bilodeau-240x145.jpg\" class=\"attachment-homepage-thumb size-homepage-thumb\" alt=\"\" decoding=\"async\" \/><\/a>\n\t\t\t<\/dt><\/dl><br style=\"clear: both\" \/><dl class='gallery-item'>\n\t\t\t<dt class='gallery-icon portrait'>\n\t\t\t\t<a data-elementor-open-lightbox=\"yes\" data-elementor-lightbox-slideshow=\"164e5d2\" data-elementor-lightbox-description=\"Philippe Gamache (1)\" data-e-action-hash=\"#elementor-action%3Aaction%3Dlightbox%26settings%3DeyJpZCI6MTM1NCwidXJsIjoiaHR0cDpcL1wvcnVnYnlicmF2ZXMuY2FcL3dwLWNvbnRlbnRcL3VwbG9hZHNcLzIwMjNcLzExXC9QaGlsaXBwZS1HYW1hY2hlLTEuanBnIiwic2xpZGVzaG93IjoiMTY0ZTVkMiJ9\" href='http:\/\/rugbybraves.ca\/wp-content\/uploads\/2023\/11\/Philippe-Gamache-1.jpg'><img loading=\"lazy\" width=\"240\" height=\"145\" src=\"http:\/\/rugbybraves.ca\/wp-content\/uploads\/2023\/11\/Philippe-Gamache-1-240x145.jpg\" class=\"attachment-homepage-thumb size-homepage-thumb\" alt=\"\" decoding=\"async\" \/><\/a>\n\t\t\t<\/dt><\/dl><dl class='gallery-item'>\n\t\t\t<dt class='gallery-icon portrait'>\n\t\t\t\t<a data-elementor-open-lightbox=\"yes\" data-elementor-lightbox-slideshow=\"164e5d2\" data-elementor-lightbox-description=\"Bryan Mckenzie (1)\" data-e-action-hash=\"#elementor-action%3Aaction%3Dlightbox%26settings%3DeyJpZCI6MTM1NSwidXJsIjoiaHR0cDpcL1wvcnVnYnlicmF2ZXMuY2FcL3dwLWNvbnRlbnRcL3VwbG9hZHNcLzIwMjNcLzExXC9Ccnlhbi1NY2tlbnppZS0xLXNjYWxlZC5qcGciLCJzbGlkZXNob3ciOiIxNjRlNWQyIn0%3D\" href='http:\/\/rugbybraves.ca\/wp-content\/uploads\/2023\/11\/Bryan-Mckenzie-1-scaled.jpg'><img loading=\"lazy\" width=\"240\" height=\"145\" src=\"http:\/\/rugbybraves.ca\/wp-content\/uploads\/2023\/11\/Bryan-Mckenzie-1-240x145.jpg\" class=\"attachment-homepage-thumb size-homepage-thumb\" alt=\"\" decoding=\"async\" \/><\/a>\n\t\t\t<\/dt><\/dl><dl class='gallery-item'>\n\t\t\t<dt class='gallery-icon landscape'>\n\t\t\t\t<a data-elementor-open-lightbox=\"yes\" data-elementor-lightbox-slideshow=\"164e5d2\" data-elementor-lightbox-description=\"Alexandre Marceau\" data-e-action-hash=\"#elementor-action%3Aaction%3Dlightbox%26settings%3DeyJpZCI6MTM1OSwidXJsIjoiaHR0cDpcL1wvcnVnYnlicmF2ZXMuY2FcL3dwLWNvbnRlbnRcL3VwbG9hZHNcLzIwMjNcLzExXC9BbGV4YW5kcmUtTWFyY2VhdS1zY2FsZWQuanBnIiwic2xpZGVzaG93IjoiMTY0ZTVkMiJ9\" href='http:\/\/rugbybraves.ca\/wp-content\/uploads\/2023\/11\/Alexandre-Marceau-scaled.jpg'><img loading=\"lazy\" width=\"240\" height=\"145\" src=\"http:\/\/rugbybraves.ca\/wp-content\/uploads\/2023\/11\/Alexandre-Marceau-240x145.jpg\" class=\"attachment-homepage-thumb size-homepage-thumb\" alt=\"\" decoding=\"async\" \/><\/a>\n\t\t\t<\/dt><\/dl>\n\t\t\t<br style='clear: both' \/>\n\t\t<\/div>\n\t\t<\/div>\n\t\t\t\t<\/div>\n\t\t\t\t<\/div>\n\t\t\t\t<div class=\"elementor-element elementor-element-88c13e elementor-widget-divider--view-line elementor-widget elementor-widget-divider\" data-id=\"88c13e\" data-element_type=\"widget\" data-widget_type=\"divider.default\">\n\t\t\t\t<div class=\"elementor-widget-container\">\n\t\t\t<style>\/*! elementor - v3.19.0 - 07-02-2024 *\/\n.elementor-widget-divider{--divider-border-style:none;--divider-border-width:1px;--divider-color:#0c0d0e;--divider-icon-size:20px;--divider-element-spacing:10px;--divider-pattern-height:24px;--divider-pattern-size:20px;--divider-pattern-url:none;--divider-pattern-repeat:repeat-x}.elementor-widget-divider .elementor-divider{display:flex}.elementor-widget-divider .elementor-divider__text{font-size:15px;line-height:1;max-width:95%}.elementor-widget-divider .elementor-divider__element{margin:0 var(--divider-element-spacing);flex-shrink:0}.elementor-widget-divider .elementor-icon{font-size:var(--divider-icon-size)}.elementor-widget-divider .elementor-divider-separator{display:flex;margin:0;direction:ltr}.elementor-widget-divider--view-line_icon .elementor-divider-separator,.elementor-widget-divider--view-line_text .elementor-divider-separator{align-items:center}.elementor-widget-divider--view-line_icon .elementor-divider-separator:after,.elementor-widget-divider--view-line_icon .elementor-divider-separator:before,.elementor-widget-divider--view-line_text .elementor-divider-separator:after,.elementor-widget-divider--view-line_text .elementor-divider-separator:before{display:block;content:\"\";border-block-end:0;flex-grow:1;border-block-start:var(--divider-border-width) var(--divider-border-style) var(--divider-color)}.elementor-widget-divider--element-align-left .elementor-divider .elementor-divider-separator>.elementor-divider__svg:first-of-type{flex-grow:0;flex-shrink:100}.elementor-widget-divider--element-align-left .elementor-divider-separator:before{content:none}.elementor-widget-divider--element-align-left .elementor-divider__element{margin-left:0}.elementor-widget-divider--element-align-right .elementor-divider .elementor-divider-separator>.elementor-divider__svg:last-of-type{flex-grow:0;flex-shrink:100}.elementor-widget-divider--element-align-right .elementor-divider-separator:after{content:none}.elementor-widget-divider--element-align-right .elementor-divider__element{margin-right:0}.elementor-widget-divider--element-align-start .elementor-divider .elementor-divider-separator>.elementor-divider__svg:first-of-type{flex-grow:0;flex-shrink:100}.elementor-widget-divider--element-align-start .elementor-divider-separator:before{content:none}.elementor-widget-divider--element-align-start .elementor-divider__element{margin-inline-start:0}.elementor-widget-divider--element-align-end .elementor-divider .elementor-divider-separator>.elementor-divider__svg:last-of-type{flex-grow:0;flex-shrink:100}.elementor-widget-divider--element-align-end .elementor-divider-separator:after{content:none}.elementor-widget-divider--element-align-end .elementor-divider__element{margin-inline-end:0}.elementor-widget-divider:not(.elementor-widget-divider--view-line_text):not(.elementor-widget-divider--view-line_icon) .elementor-divider-separator{border-block-start:var(--divider-border-width) var(--divider-border-style) var(--divider-color)}.elementor-widget-divider--separator-type-pattern{--divider-border-style:none}.elementor-widget-divider--separator-type-pattern.elementor-widget-divider--view-line .elementor-divider-separator,.elementor-widget-divider--separator-type-pattern:not(.elementor-widget-divider--view-line) .elementor-divider-separator:after,.elementor-widget-divider--separator-type-pattern:not(.elementor-widget-divider--view-line) .elementor-divider-separator:before,.elementor-widget-divider--separator-type-pattern:not([class*=elementor-widget-divider--view]) .elementor-divider-separator{width:100%;min-height:var(--divider-pattern-height);-webkit-mask-size:var(--divider-pattern-size) 100%;mask-size:var(--divider-pattern-size) 100%;-webkit-mask-repeat:var(--divider-pattern-repeat);mask-repeat:var(--divider-pattern-repeat);background-color:var(--divider-color);-webkit-mask-image:var(--divider-pattern-url);mask-image:var(--divider-pattern-url)}.elementor-widget-divider--no-spacing{--divider-pattern-size:auto}.elementor-widget-divider--bg-round{--divider-pattern-repeat:round}.rtl .elementor-widget-divider .elementor-divider__text{direction:rtl}.e-con-inner>.elementor-widget-divider,.e-con>.elementor-widget-divider{width:var(--container-widget-width,100%);--flex-grow:var(--container-widget-flex-grow)}<\/style>\t\t<div class=\"elementor-divider\">\n\t\t\t<span class=\"elementor-divider-separator\">\n\t\t\t\t\t\t<\/span>\n\t\t<\/div>\n\t\t\t\t<\/div>\n\t\t\t\t<\/div>\n\t\t\t\t\t<\/div>\n\t\t\t\t<\/div>\n\t\t<div class=\"elementor-element elementor-element-25a2fc2 e-flex e-con-boxed e-con e-parent\" data-id=\"25a2fc2\" data-element_type=\"container\" data-settings=\"{&quot;content_width&quot;:&quot;boxed&quot;}\" data-core-v316-plus=\"true\">\n\t\t\t\t\t<div class=\"e-con-inner\">\n\t\t\t\t<div class=\"elementor-element elementor-element-329a196 elementor-widget elementor-widget-heading\" data-id=\"329a196\" data-element_type=\"widget\" data-widget_type=\"heading.default\">\n\t\t\t\t<div class=\"elementor-widget-container\">\n\t\t\t<h2 class=\"elementor-heading-title elementor-size-default\">Vid\u00e9os<\/h2>\t\t<\/div>\n\t\t\t\t<\/div>\n\t\t\t\t\t<\/div>\n\t\t\t\t<\/div>\n\t\t\t\t<\/div>\n\t\t","protected":false},"excerpt":{"rendered":"<p>Album photos \u00c9quipe Junior \u00c9quipe Masculine Vid\u00e9os<\/p>\n","protected":false},"author":1,"featured_media":0,"parent":32,"menu_order":2,"comment_status":"closed","ping_status":"closed","template":"template-parts\/template-full-width.php","meta":{"footnotes":""},"acf":[],"_links":{"self":[{"href":"http:\/\/rugbybraves.ca\/index.php\/wp-json\/wp\/v2\/pages\/159"}],"collection":[{"href":"http:\/\/rugbybraves.ca\/index.php\/wp-json\/wp\/v2\/pages"}],"about":[{"href":"http:\/\/rugbybraves.ca\/index.php\/wp-json\/wp\/v2\/types\/page"}],"author":[{"embeddable":true,"href":"http:\/\/rugbybraves.ca\/index.php\/wp-json\/wp\/v2\/users\/1"}],"replies":[{"embeddable":true,"href":"http:\/\/rugbybraves.ca\/index.php\/wp-json\/wp\/v2\/comments?post=159"}],"version-history":[{"count":21,"href":"http:\/\/rugbybraves.ca\/index.php\/wp-json\/wp\/v2\/pages\/159\/revisions"}],"predecessor-version":[{"id":1422,"href":"http:\/\/rugbybraves.ca\/index.php\/wp-json\/wp\/v2\/pages\/159\/revisions\/1422"}],"up":[{"embeddable":true,"href":"http:\/\/rugbybraves.ca\/index.php\/wp-json\/wp\/v2\/pages\/32"}],"wp:attachment":[{"href":"http:\/\/rugbybraves.ca\/index.php\/wp-json\/wp\/v2\/media?parent=159"}],"curies":[{"name":"wp","href":"https:\/\/api.w.org\/{rel}","templated":true}]}}