{"id":222,"date":"2023-09-13T21:27:47","date_gmt":"2023-09-14T01:27:47","guid":{"rendered":"http:\/\/rugbybraves.ca\/?page_id=222"},"modified":"2023-11-01T00:11:46","modified_gmt":"2023-11-01T04:11:46","slug":"sante-et-securite","status":"publish","type":"page","link":"http:\/\/rugbybraves.ca\/index.php\/sante-et-securite\/","title":{"rendered":"S\u00e9curit\u00e9 et r\u00e8gles"},"content":{"rendered":"\t\t<div data-elementor-type=\"wp-page\" data-elementor-id=\"222\" class=\"elementor elementor-222\">\n\t\t\t\t<div class=\"elementor-element elementor-element-6c00e23e e-flex e-con-boxed e-con e-parent\" data-id=\"6c00e23e\" data-element_type=\"container\" data-settings=\"{&quot;content_width&quot;:&quot;boxed&quot;}\" data-core-v316-plus=\"true\">\n\t\t\t\t\t<div class=\"e-con-inner\">\n\t\t\t\t<div class=\"elementor-element elementor-element-ec2c725 elementor-widget elementor-widget-testimonial\" data-id=\"ec2c725\" data-element_type=\"widget\" data-widget_type=\"testimonial.default\">\n\t\t\t\t<div class=\"elementor-widget-container\">\n\t\t\t<style>\/*! elementor - v3.19.0 - 07-02-2024 *\/\n.elementor-testimonial-wrapper{overflow:hidden;text-align:center}.elementor-testimonial-wrapper .elementor-testimonial-content{font-size:1.3em;margin-bottom:20px}.elementor-testimonial-wrapper .elementor-testimonial-name{line-height:1.5;display:block}.elementor-testimonial-wrapper .elementor-testimonial-job{font-size:.85em;display:block}.elementor-testimonial-wrapper .elementor-testimonial-meta{width:100%;line-height:1}.elementor-testimonial-wrapper .elementor-testimonial-meta-inner{display:inline-block}.elementor-testimonial-wrapper .elementor-testimonial-meta .elementor-testimonial-details,.elementor-testimonial-wrapper .elementor-testimonial-meta .elementor-testimonial-image{display:table-cell;vertical-align:middle}.elementor-testimonial-wrapper .elementor-testimonial-meta .elementor-testimonial-image img{width:60px;height:60px;border-radius:50%;-o-object-fit:cover;object-fit:cover;max-width:none}.elementor-testimonial-wrapper .elementor-testimonial-meta.elementor-testimonial-image-position-aside .elementor-testimonial-image{padding-right:15px}.elementor-testimonial-wrapper .elementor-testimonial-meta.elementor-testimonial-image-position-aside .elementor-testimonial-details{text-align:left}.elementor-testimonial-wrapper .elementor-testimonial-meta.elementor-testimonial-image-position-top .elementor-testimonial-details,.elementor-testimonial-wrapper .elementor-testimonial-meta.elementor-testimonial-image-position-top .elementor-testimonial-image{display:block}.elementor-testimonial-wrapper .elementor-testimonial-meta.elementor-testimonial-image-position-top .elementor-testimonial-image{margin-bottom:20px}<\/style>\t\t<div class=\"elementor-testimonial-wrapper\">\n\t\t\t\t\t\t\t<div class=\"elementor-testimonial-content\">La s\u00e9curit\u00e9 de nos joueurs est notre priorit\u00e9 absolue. Nous insistons toujours sur la technique de plaquage correcte et nous encourageons tous les membres de l'\u00e9quipe \u00e0 respecter les r\u00e8gles pour \u00e9viter l<i>es blessures.<\/i><\/div>\n\t\t\t\n\t\t\t\t\t\t<div class=\"elementor-testimonial-meta elementor-has-image elementor-testimonial-image-position-aside\">\n\t\t\t\t<div class=\"elementor-testimonial-meta-inner\">\n\t\t\t\t\t\t\t\t\t\t\t<div class=\"elementor-testimonial-image\">\n\t\t\t\t\t\t\t<img fetchpriority=\"high\" decoding=\"async\" width=\"1424\" height=\"1440\" src=\"http:\/\/rugbybraves.ca\/wp-content\/uploads\/2023\/09\/306782643_543778654215877_4303551981893484352_n-2.jpg\" class=\"attachment-full size-full wp-image-343\" alt=\"Jean-Francois H\u00e9tu\" srcset=\"http:\/\/rugbybraves.ca\/wp-content\/uploads\/2023\/09\/306782643_543778654215877_4303551981893484352_n-2.jpg 1424w, http:\/\/rugbybraves.ca\/wp-content\/uploads\/2023\/09\/306782643_543778654215877_4303551981893484352_n-2-297x300.jpg 297w, http:\/\/rugbybraves.ca\/wp-content\/uploads\/2023\/09\/306782643_543778654215877_4303551981893484352_n-2-1013x1024.jpg 1013w, http:\/\/rugbybraves.ca\/wp-content\/uploads\/2023\/09\/306782643_543778654215877_4303551981893484352_n-2-768x777.jpg 768w, http:\/\/rugbybraves.ca\/wp-content\/uploads\/2023\/09\/306782643_543778654215877_4303551981893484352_n-2-600x607.jpg 600w, http:\/\/rugbybraves.ca\/wp-content\/uploads\/2023\/09\/306782643_543778654215877_4303551981893484352_n-2-100x100.jpg 100w\" sizes=\"(max-width: 1424px) 100vw, 1424px\" \/>\t\t\t\t\t\t<\/div>\n\t\t\t\t\t\n\t\t\t\t\t\t\t\t\t\t<div class=\"elementor-testimonial-details\">\n\t\t\t\t\t\t\t\t\t\t\t\t\t\t<div class=\"elementor-testimonial-name\">Jean-Francois H\u00e9tu<\/div>\n\t\t\t\t\t\t\t\t\t\t\t\t\t\t\t\t\t\t\t\t\t\t<div class=\"elementor-testimonial-job\">Entraineur<\/div>\n\t\t\t\t\t\t\t\t\t\t\t\t\t<\/div>\n\t\t\t\t\t\t\t\t\t<\/div>\n\t\t\t<\/div>\n\t\t\t\t\t<\/div>\n\t\t\t\t<\/div>\n\t\t\t\t<\/div>\n\t\t\t\t<div class=\"elementor-element elementor-element-a6c7290 elementor-widget elementor-widget-text-editor\" data-id=\"a6c7290\" data-element_type=\"widget\" data-widget_type=\"text-editor.default\">\n\t\t\t\t<div class=\"elementor-widget-container\">\n\t\t\t<style>\/*! elementor - v3.19.0 - 07-02-2024 *\/\n.elementor-widget-text-editor.elementor-drop-cap-view-stacked .elementor-drop-cap{background-color:#69727d;color:#fff}.elementor-widget-text-editor.elementor-drop-cap-view-framed .elementor-drop-cap{color:#69727d;border:3px solid;background-color:transparent}.elementor-widget-text-editor:not(.elementor-drop-cap-view-default) .elementor-drop-cap{margin-top:8px}.elementor-widget-text-editor:not(.elementor-drop-cap-view-default) .elementor-drop-cap-letter{width:1em;height:1em}.elementor-widget-text-editor .elementor-drop-cap{float:left;text-align:center;line-height:1;font-size:50px}.elementor-widget-text-editor .elementor-drop-cap-letter{display:inline-block}<\/style>\t\t\t\t<!-- wp:heading {\"textAlign\":\"center\"} --><!-- \/wp:heading --><!-- wp:spacer {\"height\":\"12px\"} --><!-- \/wp:media-text --><!-- wp:spacer {\"height\":\"41px\"} --><!-- \/wp:spacer --><!-- wp:paragraph -->\n<p>La province de Qu\u00e9bec s\u2019est dot\u00e9e d\u2019un protocole de gestion des commotions c\u00e9r\u00e9brales standardis\u00e9s qui permet aux intervenants du milieu sportif, tous sports confondus, de se r\u00e9f\u00e9rer \u00e0 la m\u00eame documentation.<\/p>\n<!-- \/wp:paragraph --><!-- wp:image {\"align\":\"left\",\"id\":284,\"width\":354,\"height\":236,\"sizeSlug\":\"large\",\"linkDestination\":\"none\"} -->\n<figure class=\"wp-block-image alignleft size-large is-resized\"><img decoding=\"async\" class=\"wp-image-284\" style=\"width: 354px; height: 236px;\" src=\"http:\/\/rugbybraves.ca\/wp-content\/uploads\/2023\/09\/placage-1024x683.jpg\" alt=\"\" width=\"354\" height=\"236\" srcset=\"http:\/\/rugbybraves.ca\/wp-content\/uploads\/2023\/09\/placage-1024x683.jpg 1024w, http:\/\/rugbybraves.ca\/wp-content\/uploads\/2023\/09\/placage-300x200.jpg 300w, http:\/\/rugbybraves.ca\/wp-content\/uploads\/2023\/09\/placage-768x512.jpg 768w, http:\/\/rugbybraves.ca\/wp-content\/uploads\/2023\/09\/placage-1536x1024.jpg 1536w, http:\/\/rugbybraves.ca\/wp-content\/uploads\/2023\/09\/placage-600x400.jpg 600w, http:\/\/rugbybraves.ca\/wp-content\/uploads\/2023\/09\/placage.jpg 1875w\" sizes=\"(max-width: 354px) 100vw, 354px\" \/><\/figure>\n<!-- \/wp:image --><!-- wp:paragraph -->\n<p>En d\u00e9veloppant ce protocole, le personnel encadrant les participants d\u2019une activit\u00e9 se doit, au moindre signe ou sympt\u00f4me, \u00e0 la suite d\u2019un signalement, apr\u00e8s un impact ou un mouvement brusque de la t\u00eate ou en raison d\u2019un doute sur l\u2019information obtenue par le participant ou de ses ant\u00e9c\u00e9dents de commotions c\u00e9r\u00e9brales, d\u2019agir avec prudence et retirer le participant en respectant les avis m\u00e9dicaux et les proc\u00e9dures du Protocole de gestion des commotions c\u00e9r\u00e9brales.<\/p>\n<!-- \/wp:paragraph --><!-- wp:paragraph -->\n<p><em><strong><a href=\"http:\/\/playsmart.rugbycanada.ca\/fr\/index.html\" target=\"_blank\" rel=\"noreferrer noopener\">Jouer intelligemment<\/a><\/strong><\/em>\u00a0est un programme mis sur pied en 2016 par Rugby Canada.<\/p>\n<!-- \/wp:paragraph --><!-- wp:paragraph -->\n<p>Il exige de la part des entraineurs et des arbitres qui \u0153uvrent dans le rugby communautaire une connaissance minimale dans la gestion et la pr\u00e9vention des blessures (telles les commotions c\u00e9r\u00e9brales).<\/p>\n<!-- \/wp:paragraph --><!-- wp:paragraph -->\n<p>Ceux-ci doivent obligatoirement compl\u00e9ter les formations en ligne offertes par\u00a0<em>World Rugby<\/em>\u00a0\u00e0 ce sujet.<\/p>\n<!-- \/wp:paragraph --><!-- wp:paragraph -->\n<p>Nous nous joignons donc \u00e0 ce programme avec enthousiasme afin d\u2019assurer la s\u00e9curit\u00e9 de nos joueurs.<\/p>\n<!-- \/wp:paragraph --><!-- wp:spacer {\"height\":\"27px\"} -->\n<div class=\"wp-block-spacer\" style=\"height: 27px;\" aria-hidden=\"true\">Retrouvez les r\u00e8gles de jeux du rugby via : <a href=\"https:\/\/www.world.rugby\/the-game\/laws\/home\">https:\/\/www.world.rugby\/the-game\/laws\/home<\/a><\/div>\n<!-- \/wp:spacer -->\t\t\t\t\t\t<\/div>\n\t\t\t\t<\/div>\n\t\t<div class=\"elementor-element elementor-element-b054ac8 e-flex e-con-boxed e-con e-child\" data-id=\"b054ac8\" data-element_type=\"container\" data-settings=\"{&quot;background_background&quot;:&quot;classic&quot;,&quot;shape_divider_bottom&quot;:&quot;curve&quot;,&quot;content_width&quot;:&quot;boxed&quot;}\">\n\t\t\t\t\t<div class=\"e-con-inner\">\n\t\t\t\t<div class=\"elementor-shape elementor-shape-bottom\" data-negative=\"false\">\n\t\t\t<svg xmlns=\"http:\/\/www.w3.org\/2000\/svg\" viewBox=\"0 0 1000 100\" preserveAspectRatio=\"none\">\n    <path class=\"elementor-shape-fill\" d=\"M1000,4.3V0H0v4.3C0.9,23.1,126.7,99.2,500,100S1000,22.7,1000,4.3z\"\/>\n<\/svg>\t\t<\/div>\n\t\t\t\t<div class=\"elementor-element elementor-element-89638b5 elementor-widget elementor-widget-heading\" data-id=\"89638b5\" data-element_type=\"widget\" data-widget_type=\"heading.default\">\n\t\t\t\t<div class=\"elementor-widget-container\">\n\t\t\t<style>\/*! elementor - v3.19.0 - 07-02-2024 *\/\n.elementor-heading-title{padding:0;margin:0;line-height:1}.elementor-widget-heading .elementor-heading-title[class*=elementor-size-]>a{color:inherit;font-size:inherit;line-height:inherit}.elementor-widget-heading .elementor-heading-title.elementor-size-small{font-size:15px}.elementor-widget-heading .elementor-heading-title.elementor-size-medium{font-size:19px}.elementor-widget-heading .elementor-heading-title.elementor-size-large{font-size:29px}.elementor-widget-heading .elementor-heading-title.elementor-size-xl{font-size:39px}.elementor-widget-heading .elementor-heading-title.elementor-size-xxl{font-size:59px}<\/style><h2 class=\"elementor-heading-title elementor-size-default\">Vous souhaitez porter plainte ?<\/h2>\t\t<\/div>\n\t\t\t\t<\/div>\n\t\t<div class=\"elementor-element elementor-element-3aef839 e-flex e-con-boxed e-con e-child\" data-id=\"3aef839\" data-element_type=\"container\" data-settings=\"{&quot;content_width&quot;:&quot;boxed&quot;}\">\n\t\t\t\t\t<div class=\"e-con-inner\">\n\t\t\t\t<div class=\"elementor-element elementor-element-914a978 elementor-widget elementor-widget-text-editor\" data-id=\"914a978\" data-element_type=\"widget\" data-widget_type=\"text-editor.default\">\n\t\t\t\t<div class=\"elementor-widget-container\">\n\t\t\t\t\t\t\t<p><a href=\"https:\/\/sportaide.ca\/\" target=\"_blank\" rel=\"noopener\">Site de Sport\u2019Aide<\/a><\/p>\n<p>Sport\u2019Aide a pour mission d\u2019assurer un leadership dans la mise en \u0153uvre d\u2019initiatives favorisant un environnement sportif sain, s\u00e9curitaire et harmonieux pour les jeunes sportifs et fournir un service d&rsquo;accompagnement aux diff\u00e9rents acteurs du milieu sportif, et ce, tant au niveau \u00e9lite que r\u00e9cr\u00e9atif.<\/p>\t\t\t\t\t\t<\/div>\n\t\t\t\t<\/div>\n\t\t\t\t\t<\/div>\n\t\t\t\t<\/div>\n\t\t\t\t\t<\/div>\n\t\t\t\t<\/div>\n\t\t\t\t\t<\/div>\n\t\t\t\t<\/div>\n\t\t\t\t<\/div>\n\t\t","protected":false},"excerpt":{"rendered":"<p>La s\u00e9curit\u00e9 de nos joueurs est notre priorit\u00e9 absolue. Nous insistons toujours sur la technique de plaquage correcte et nous encourageons tous les membres de l&rsquo;\u00e9quipe \u00e0 respecter les r\u00e8gles pour \u00e9viter les blessures. Jean-Francois H\u00e9tu Entraineur La province de Qu\u00e9bec s\u2019est dot\u00e9e d\u2019un protocole de gestion des commotions c\u00e9r\u00e9brales standardis\u00e9s qui permet aux intervenants du milieu sportif, tous sports confondus, de se r\u00e9f\u00e9rer \u00e0 la m\u00eame documentation. En d\u00e9veloppant ce protocole, le personnel encadrant les participants d\u2019une activit\u00e9 se doit, au moindre signe ou sympt\u00f4me, \u00e0 la suite d\u2019un signalement, apr\u00e8s un impact ou un mouvement brusque de la&#8230; <\/p>\n","protected":false},"author":1,"featured_media":0,"parent":0,"menu_order":0,"comment_status":"closed","ping_status":"closed","template":"template-parts\/template-full-width.php","meta":{"footnotes":""},"acf":[],"_links":{"self":[{"href":"http:\/\/rugbybraves.ca\/index.php\/wp-json\/wp\/v2\/pages\/222"}],"collection":[{"href":"http:\/\/rugbybraves.ca\/index.php\/wp-json\/wp\/v2\/pages"}],"about":[{"href":"http:\/\/rugbybraves.ca\/index.php\/wp-json\/wp\/v2\/types\/page"}],"author":[{"embeddable":true,"href":"http:\/\/rugbybraves.ca\/index.php\/wp-json\/wp\/v2\/users\/1"}],"replies":[{"embeddable":true,"href":"http:\/\/rugbybraves.ca\/index.php\/wp-json\/wp\/v2\/comments?post=222"}],"version-history":[{"count":54,"href":"http:\/\/rugbybraves.ca\/index.php\/wp-json\/wp\/v2\/pages\/222\/revisions"}],"predecessor-version":[{"id":1331,"href":"http:\/\/rugbybraves.ca\/index.php\/wp-json\/wp\/v2\/pages\/222\/revisions\/1331"}],"wp:attachment":[{"href":"http:\/\/rugbybraves.ca\/index.php\/wp-json\/wp\/v2\/media?parent=222"}],"curies":[{"name":"wp","href":"https:\/\/api.w.org\/{rel}","templated":true}]}}