{"id":28,"date":"2023-09-01T14:27:23","date_gmt":"2023-09-01T14:27:23","guid":{"rendered":"http:\/\/149.56.44.161\/?page_id=28"},"modified":"2023-10-17T22:47:28","modified_gmt":"2023-10-18T02:47:28","slug":"a-propos","status":"publish","type":"page","link":"http:\/\/rugbybraves.ca\/index.php\/a-propos\/","title":{"rendered":"\u00c0 propos"},"content":{"rendered":"\n<p><strong>Les origines du rugby en Mauricie<\/strong><\/p>\n\n\n\n<p>Au Qu\u00e9bec, au d\u00e9but des ann\u00e9es 1990, le rugby est pratiqu\u00e9 exclusivement par des \u00e9quipes anglophones. De quelle fa\u00e7on ce sport si m\u00e9connu a-t-il d\u00e9but\u00e9 en Mauricie? Il faut compter sur un \u00e9tudiant en sciences \u00e9conomiques de l\u2019universit\u00e9 du Qu\u00e9bec \u00e0 Trois-Rivi\u00e8res du nom de Paul Dumas (son club d\u2019origine&nbsp;: les Saracens RFC d\u2019Ormstowm). Ce dernier propage l\u2019id\u00e9e d\u2019une \u00e9quipe et int\u00e9resse des gars de l\u2019UQTR. Ainsi, \u00e0 l\u2019automne 1991, une \u00e9quipe masculine se forme. Cette saison-l\u00e0, l\u2019\u00e9quipe ne jouera que des parties hors-concours sous le nom des Patriotes. Sur le terrain local du Parc Lambert \u00e0 Trois-Rivi\u00e8res, l\u2019\u00e9quipe conna\u00eetra sa premi\u00e8re victoire contre l\u2019Universit\u00e9 de Montr\u00e9al. L\u2019\u00e9quipe est alors dirig\u00e9e par Paul Dumas&nbsp;<em>\u00ab[\u2026] La naissance de l\u2019\u00e9quipe de rugby de l\u2019UQTR est \u00e0 l\u2019image du sport qu\u2019elle pratique&nbsp;: inhabituelle. L\u2019\u00e9quipe a \u00e9t\u00e9 fond\u00e9e \u00e0 l\u2019instigation d\u2019un \u00e9tudiant de l\u2019institution trifluvienne, Paul Dumas, qui avait jou\u00e9 au rugby dans la r\u00e9gion montr\u00e9alaise.&nbsp;\u00bb<\/em><\/p>\n\n\n\n<p><strong>La petite histoire du nom et du logo<\/strong><\/p>\n\n\n\n<p>Les dirigeants du club, plus particuli\u00e8rement Claude Trudel, s\u2019inspirent des anciennes \u00e9quipes de football de Trois-Rivi\u00e8res afin de choisir un nom. Le nom Braves convenait \u00e0 tous. Il signifie qu\u2019il faut \u00eatre Braves (courageux) pour jouer au rugby. Par la suite, Martin Cormier a travaill\u00e9 le logo s\u2019inspirant du tournoi de rugby des 5 nations. Finalement, Rock Prince Jr. a fait en sorte d\u2019int\u00e9grer le logo et le nom. Ainsi, depuis 1993, nous retrouvons le logo sur tous les chandails des joueurs(euses)<\/p>\n","protected":false},"excerpt":{"rendered":"<p>Les origines du rugby en Mauricie Au Qu\u00e9bec, au d\u00e9but des ann\u00e9es 1990, le rugby est pratiqu\u00e9 exclusivement par des \u00e9quipes anglophones. De quelle fa\u00e7on ce sport si m\u00e9connu a-t-il d\u00e9but\u00e9 en Mauricie? Il faut compter sur un \u00e9tudiant en sciences \u00e9conomiques de l\u2019universit\u00e9 du Qu\u00e9bec \u00e0 Trois-Rivi\u00e8res du nom de Paul Dumas (son club d\u2019origine&nbsp;: les Saracens RFC d\u2019Ormstowm). Ce dernier propage l\u2019id\u00e9e d\u2019une \u00e9quipe et int\u00e9resse des gars de l\u2019UQTR. Ainsi, \u00e0 l\u2019automne 1991, une \u00e9quipe masculine se forme. Cette saison-l\u00e0, l\u2019\u00e9quipe ne jouera que des parties hors-concours sous le nom des Patriotes. Sur le terrain local du&#8230; <\/p>\n","protected":false},"author":1,"featured_media":0,"parent":0,"menu_order":0,"comment_status":"closed","ping_status":"closed","template":"template-parts\/template-full-width.php","meta":{"footnotes":""},"acf":[],"_links":{"self":[{"href":"http:\/\/rugbybraves.ca\/index.php\/wp-json\/wp\/v2\/pages\/28"}],"collection":[{"href":"http:\/\/rugbybraves.ca\/index.php\/wp-json\/wp\/v2\/pages"}],"about":[{"href":"http:\/\/rugbybraves.ca\/index.php\/wp-json\/wp\/v2\/types\/page"}],"author":[{"embeddable":true,"href":"http:\/\/rugbybraves.ca\/index.php\/wp-json\/wp\/v2\/users\/1"}],"replies":[{"embeddable":true,"href":"http:\/\/rugbybraves.ca\/index.php\/wp-json\/wp\/v2\/comments?post=28"}],"version-history":[{"count":6,"href":"http:\/\/rugbybraves.ca\/index.php\/wp-json\/wp\/v2\/pages\/28\/revisions"}],"predecessor-version":[{"id":625,"href":"http:\/\/rugbybraves.ca\/index.php\/wp-json\/wp\/v2\/pages\/28\/revisions\/625"}],"wp:attachment":[{"href":"http:\/\/rugbybraves.ca\/index.php\/wp-json\/wp\/v2\/media?parent=28"}],"curies":[{"name":"wp","href":"https:\/\/api.w.org\/{rel}","templated":true}]}}