{"id":60,"date":"2023-09-10T11:11:38","date_gmt":"2023-09-10T15:11:38","guid":{"rendered":"http:\/\/rugbybraves.ca\/?page_id=60"},"modified":"2024-04-19T16:02:27","modified_gmt":"2024-04-19T20:02:27","slug":"historique-du-club","status":"publish","type":"page","link":"http:\/\/rugbybraves.ca\/index.php\/a-propos\/historique-du-club\/","title":{"rendered":"Historique du club"},"content":{"rendered":"\t\t<div data-elementor-type=\"wp-page\" data-elementor-id=\"60\" class=\"elementor elementor-60\">\n\t\t\t\t<div class=\"elementor-element elementor-element-7e48494c e-con-full e-flex e-con e-parent\" data-id=\"7e48494c\" data-element_type=\"container\" data-settings=\"{&quot;background_background&quot;:&quot;classic&quot;,&quot;shape_divider_bottom&quot;:&quot;curve&quot;,&quot;content_width&quot;:&quot;full&quot;}\" data-core-v316-plus=\"true\">\n\t\t\t\t<div class=\"elementor-shape elementor-shape-bottom\" data-negative=\"false\">\n\t\t\t<svg xmlns=\"http:\/\/www.w3.org\/2000\/svg\" viewBox=\"0 0 1000 100\" preserveAspectRatio=\"none\">\n    <path class=\"elementor-shape-fill\" d=\"M1000,4.3V0H0v4.3C0.9,23.1,126.7,99.2,500,100S1000,22.7,1000,4.3z\"\/>\n<\/svg>\t\t<\/div>\n\t\t\t\t<div class=\"elementor-element elementor-element-a4a73b9 elementor-widget elementor-widget-heading\" data-id=\"a4a73b9\" data-element_type=\"widget\" data-widget_type=\"heading.default\">\n\t\t\t\t<div class=\"elementor-widget-container\">\n\t\t\t<style>\/*! elementor - v3.19.0 - 07-02-2024 *\/\n.elementor-heading-title{padding:0;margin:0;line-height:1}.elementor-widget-heading .elementor-heading-title[class*=elementor-size-]>a{color:inherit;font-size:inherit;line-height:inherit}.elementor-widget-heading .elementor-heading-title.elementor-size-small{font-size:15px}.elementor-widget-heading .elementor-heading-title.elementor-size-medium{font-size:19px}.elementor-widget-heading .elementor-heading-title.elementor-size-large{font-size:29px}.elementor-widget-heading .elementor-heading-title.elementor-size-xl{font-size:39px}.elementor-widget-heading .elementor-heading-title.elementor-size-xxl{font-size:59px}<\/style><h2 class=\"elementor-heading-title elementor-size-default\"><br>Les origines du rugby en Mauricie<\/h2>\t\t<\/div>\n\t\t\t\t<\/div>\n\t\t\t\t<div class=\"elementor-element elementor-element-cc1db01 elementor-widget elementor-widget-heading\" data-id=\"cc1db01\" data-element_type=\"widget\" data-widget_type=\"heading.default\">\n\t\t\t\t<div class=\"elementor-widget-container\">\n\t\t\t<h2 class=\"elementor-heading-title elementor-size-default\">Le d\u00e9but des Braves<\/h2>\t\t<\/div>\n\t\t\t\t<\/div>\n\t\t<div class=\"elementor-element elementor-element-f6aecb8 e-flex e-con-boxed e-con e-child\" data-id=\"f6aecb8\" data-element_type=\"container\" data-settings=\"{&quot;content_width&quot;:&quot;boxed&quot;}\">\n\t\t\t\t\t<div class=\"e-con-inner\">\n\t\t\t\t<div class=\"elementor-element elementor-element-a63026f elementor-widget elementor-widget-text-editor\" data-id=\"a63026f\" data-element_type=\"widget\" data-widget_type=\"text-editor.default\">\n\t\t\t\t<div class=\"elementor-widget-container\">\n\t\t\t<style>\/*! elementor - v3.19.0 - 07-02-2024 *\/\n.elementor-widget-text-editor.elementor-drop-cap-view-stacked .elementor-drop-cap{background-color:#69727d;color:#fff}.elementor-widget-text-editor.elementor-drop-cap-view-framed .elementor-drop-cap{color:#69727d;border:3px solid;background-color:transparent}.elementor-widget-text-editor:not(.elementor-drop-cap-view-default) .elementor-drop-cap{margin-top:8px}.elementor-widget-text-editor:not(.elementor-drop-cap-view-default) .elementor-drop-cap-letter{width:1em;height:1em}.elementor-widget-text-editor .elementor-drop-cap{float:left;text-align:center;line-height:1;font-size:50px}.elementor-widget-text-editor .elementor-drop-cap-letter{display:inline-block}<\/style>\t\t\t\t<p><b>Les instigateurs du club civil de rugby en Mauricie<\/b><\/p>\n<p><span style=\"font-weight: 400;\">Suite \u00e0 la saison des <\/span><i><span style=\"font-weight: 400;\">Patriotes<\/span><\/i><span style=\"font-weight: 400;\">, en d\u00e9cembre 1992,\u00a0un comit\u00e9 se forme afin de d\u00e9marrer une \u00e9quipe civile.\u00a0 Des d\u00e9marches aupr\u00e8s de la <\/span><b>F<\/b><span style=\"font-weight: 400;\">\u00e9d\u00e9ration de <\/span><b>R<\/b><span style=\"font-weight: 400;\">ugby du <\/span><b>Q<\/b><span style=\"font-weight: 400;\">u\u00e9bec sont entreprises.\u00a0\u00a0<\/span><\/p>\n<p><span style=\"font-weight: 400;\">Voici les 7 instigateurs du club\u00a0:<\/span><\/p>\n<p><span style=\"font-weight: 400;\">Fr\u00e9d\u00e9ric Biron &#8211; <\/span><span style=\"font-weight: 400;\">Martin Cormier &#8211; <\/span><span style=\"font-weight: 400;\">Edward Dal &#8211; <\/span><span style=\"font-weight: 400;\">Terry Miller &#8211; <\/span><span style=\"font-weight: 400;\">\u00c9ric Myles &#8211; <\/span><span style=\"font-weight: 400;\">Rock Prince Jr &#8211; <\/span><span style=\"font-weight: 400;\">Claude Trudel<\/span><\/p>\t\t\t\t\t\t<\/div>\n\t\t\t\t<\/div>\n\t\t\t\t<div class=\"elementor-element elementor-element-7b613c6 elementor-widget elementor-widget-heading\" data-id=\"7b613c6\" data-element_type=\"widget\" data-widget_type=\"heading.default\">\n\t\t\t\t<div class=\"elementor-widget-container\">\n\t\t\t<h2 class=\"elementor-heading-title elementor-size-default\">La petite histoire du nom et du logo<\/h2>\t\t<\/div>\n\t\t\t\t<\/div>\n\t\t\t\t<div class=\"elementor-element elementor-element-69e0357 elementor-widget elementor-widget-text-editor\" data-id=\"69e0357\" data-element_type=\"widget\" data-widget_type=\"text-editor.default\">\n\t\t\t\t<div class=\"elementor-widget-container\">\n\t\t\t\t\t\t\t<p>Les dirigeants du club, plus particuli\u00e8rement Claude Trudel, s\u2019inspirent des anciennes \u00e9quipes de football de Trois-Rivi\u00e8res afin de choisir un nom. Le nom Braves convenait \u00e0 tous. Il signifie qu\u2019il faut \u00eatre Braves (courageux) pour jouer au rugby. Par la suite, Martin Cormier a travaill\u00e9 le logo s\u2019inspirant du tournoi de rugby des 5 nations. Finalement, Rock Prince Jr. a fait en sorte d\u2019int\u00e9grer le logo et le nom. Ainsi, depuis 1993, nous retrouvons le logo sur tous les chandails des joueurs(euses).<\/p>\n<p><strong>Vous \u00eates un ancien des Braves ? N&rsquo;h\u00e9sitez pas \u00e0 nous contacter pour obtenir nos archives photos, nous serions ravis de partager ces souvenirs pr\u00e9cieux avec vous !<\/strong><\/p>\t\t\t\t\t\t<\/div>\n\t\t\t\t<\/div>\n\t\t\t\t<div class=\"elementor-element elementor-element-94c45b7 elementor-widget elementor-widget-image\" data-id=\"94c45b7\" data-element_type=\"widget\" data-widget_type=\"image.default\">\n\t\t\t\t<div class=\"elementor-widget-container\">\n\t\t\t<style>\/*! elementor - v3.19.0 - 07-02-2024 *\/\n.elementor-widget-image{text-align:center}.elementor-widget-image a{display:inline-block}.elementor-widget-image a img[src$=\".svg\"]{width:48px}.elementor-widget-image img{vertical-align:middle;display:inline-block}<\/style>\t\t\t\t\t\t\t\t\t\t<img fetchpriority=\"high\" decoding=\"async\" width=\"300\" height=\"300\" src=\"http:\/\/rugbybraves.ca\/wp-content\/uploads\/2023\/09\/cropped-161179293_184406003486479_4756784480283988941_n-300x300.jpg\" class=\"attachment-medium size-medium wp-image-140\" alt=\"logo Braves\" srcset=\"http:\/\/rugbybraves.ca\/wp-content\/uploads\/2023\/09\/cropped-161179293_184406003486479_4756784480283988941_n-300x300.jpg 300w, http:\/\/rugbybraves.ca\/wp-content\/uploads\/2023\/09\/cropped-161179293_184406003486479_4756784480283988941_n-150x150.jpg 150w, http:\/\/rugbybraves.ca\/wp-content\/uploads\/2023\/09\/cropped-161179293_184406003486479_4756784480283988941_n-270x270.jpg 270w, http:\/\/rugbybraves.ca\/wp-content\/uploads\/2023\/09\/cropped-161179293_184406003486479_4756784480283988941_n-192x192.jpg 192w, http:\/\/rugbybraves.ca\/wp-content\/uploads\/2023\/09\/cropped-161179293_184406003486479_4756784480283988941_n-180x180.jpg 180w, http:\/\/rugbybraves.ca\/wp-content\/uploads\/2023\/09\/cropped-161179293_184406003486479_4756784480283988941_n-32x32.jpg 32w, http:\/\/rugbybraves.ca\/wp-content\/uploads\/2023\/09\/cropped-161179293_184406003486479_4756784480283988941_n.jpg 512w\" sizes=\"(max-width: 300px) 100vw, 300px\" \/>\t\t\t\t\t\t\t\t\t\t\t\t\t<\/div>\n\t\t\t\t<\/div>\n\t\t\t\t\t<\/div>\n\t\t\t\t<\/div>\n\t\t\t\t<div class=\"elementor-element elementor-element-a0e9f55 elementor-widget elementor-widget-heading\" data-id=\"a0e9f55\" data-element_type=\"widget\" data-widget_type=\"heading.default\">\n\t\t\t\t<div class=\"elementor-widget-container\">\n\t\t\t<h2 class=\"elementor-heading-title elementor-size-medium\"><a href=\"http:\/\/rugbybraves.ca\/index.php\/accueil\/braves00342-1-2\/#main\" target=\"_blank\"><u><b>Je souhaite voir l'album des anciens<\/b><\/u>\n\n<\/a><\/h2>\t\t<\/div>\n\t\t\t\t<\/div>\n\t\t<div class=\"elementor-element elementor-element-efe124a e-flex e-con-boxed e-con e-child\" data-id=\"efe124a\" data-element_type=\"container\" data-settings=\"{&quot;content_width&quot;:&quot;boxed&quot;}\">\n\t\t\t\t\t<div class=\"e-con-inner\">\n\t\t\t\t\t<\/div>\n\t\t\t\t<\/div>\n\t\t\t\t<\/div>\n\t\t\t\t<\/div>\n\t\t","protected":false},"excerpt":{"rendered":"<p>Les origines du rugby en Mauricie Le d\u00e9but des Braves Les instigateurs du club civil de rugby en Mauricie Suite \u00e0 la saison des Patriotes, en d\u00e9cembre 1992,\u00a0un comit\u00e9 se forme afin de d\u00e9marrer une \u00e9quipe civile.\u00a0 Des d\u00e9marches aupr\u00e8s de la F\u00e9d\u00e9ration de Rugby du Qu\u00e9bec sont entreprises.\u00a0\u00a0 Voici les 7 instigateurs du club\u00a0: Fr\u00e9d\u00e9ric Biron &#8211; Martin Cormier &#8211; Edward Dal &#8211; Terry Miller &#8211; \u00c9ric Myles &#8211; Rock Prince Jr &#8211; Claude Trudel La petite histoire du nom et du logo Les dirigeants du club, plus particuli\u00e8rement Claude Trudel, s\u2019inspirent des anciennes \u00e9quipes de football de Trois-Rivi\u00e8res&#8230; <\/p>\n","protected":false},"author":1,"featured_media":0,"parent":28,"menu_order":1,"comment_status":"closed","ping_status":"closed","template":"template-parts\/template-full-width.php","meta":{"footnotes":""},"acf":[],"_links":{"self":[{"href":"http:\/\/rugbybraves.ca\/index.php\/wp-json\/wp\/v2\/pages\/60"}],"collection":[{"href":"http:\/\/rugbybraves.ca\/index.php\/wp-json\/wp\/v2\/pages"}],"about":[{"href":"http:\/\/rugbybraves.ca\/index.php\/wp-json\/wp\/v2\/types\/page"}],"author":[{"embeddable":true,"href":"http:\/\/rugbybraves.ca\/index.php\/wp-json\/wp\/v2\/users\/1"}],"replies":[{"embeddable":true,"href":"http:\/\/rugbybraves.ca\/index.php\/wp-json\/wp\/v2\/comments?post=60"}],"version-history":[{"count":58,"href":"http:\/\/rugbybraves.ca\/index.php\/wp-json\/wp\/v2\/pages\/60\/revisions"}],"predecessor-version":[{"id":1492,"href":"http:\/\/rugbybraves.ca\/index.php\/wp-json\/wp\/v2\/pages\/60\/revisions\/1492"}],"up":[{"embeddable":true,"href":"http:\/\/rugbybraves.ca\/index.php\/wp-json\/wp\/v2\/pages\/28"}],"wp:attachment":[{"href":"http:\/\/rugbybraves.ca\/index.php\/wp-json\/wp\/v2\/media?parent=60"}],"curies":[{"name":"wp","href":"https:\/\/api.w.org\/{rel}","templated":true}]}}