{"id":614,"date":"2023-10-17T22:32:26","date_gmt":"2023-10-18T02:32:26","guid":{"rendered":"http:\/\/rugbybraves.ca\/?page_id=614"},"modified":"2023-11-04T14:53:29","modified_gmt":"2023-11-04T18:53:29","slug":"album-communaute","status":"publish","type":"page","link":"http:\/\/rugbybraves.ca\/index.php\/media\/album-communaute\/","title":{"rendered":"Communaut\u00e9"},"content":{"rendered":"\t\t<div data-elementor-type=\"wp-page\" data-elementor-id=\"614\" class=\"elementor elementor-614\">\n\t\t\t\t<div class=\"elementor-element elementor-element-d6b43dc e-flex e-con-boxed e-con e-parent\" data-id=\"d6b43dc\" data-element_type=\"container\" data-settings=\"{&quot;content_width&quot;:&quot;boxed&quot;}\" data-core-v316-plus=\"true\">\n\t\t\t\t\t<div class=\"e-con-inner\">\n\t\t\t\t<div class=\"elementor-element elementor-element-e28a907 elementor-widget elementor-widget-heading\" data-id=\"e28a907\" data-element_type=\"widget\" data-widget_type=\"heading.default\">\n\t\t\t\t<div class=\"elementor-widget-container\">\n\t\t\t<style>\/*! elementor - v3.19.0 - 07-02-2024 *\/\n.elementor-heading-title{padding:0;margin:0;line-height:1}.elementor-widget-heading .elementor-heading-title[class*=elementor-size-]>a{color:inherit;font-size:inherit;line-height:inherit}.elementor-widget-heading .elementor-heading-title.elementor-size-small{font-size:15px}.elementor-widget-heading .elementor-heading-title.elementor-size-medium{font-size:19px}.elementor-widget-heading .elementor-heading-title.elementor-size-large{font-size:29px}.elementor-widget-heading .elementor-heading-title.elementor-size-xl{font-size:39px}.elementor-widget-heading .elementor-heading-title.elementor-size-xxl{font-size:59px}<\/style><h2 class=\"elementor-heading-title elementor-size-default\">Album photos<\/h2>\t\t<\/div>\n\t\t\t\t<\/div>\n\t\t\t\t<div class=\"elementor-element elementor-element-02b06ec elementor-widget elementor-widget-image-gallery\" data-id=\"02b06ec\" data-element_type=\"widget\" data-widget_type=\"image-gallery.default\">\n\t\t\t\t<div class=\"elementor-widget-container\">\n\t\t\t<style>\/*! elementor - v3.19.0 - 07-02-2024 *\/\n.elementor-image-gallery .gallery-item{display:inline-block;text-align:center;vertical-align:top;width:100%;max-width:100%;margin:0 auto}.elementor-image-gallery .gallery-item img{margin:0 auto}.elementor-image-gallery .gallery-item .gallery-caption{margin:0}.elementor-image-gallery figure img{display:block}.elementor-image-gallery figure figcaption{width:100%}.gallery-spacing-custom .elementor-image-gallery .gallery-icon{padding:0}@media (min-width:768px){.elementor-image-gallery .gallery-columns-2 .gallery-item{max-width:50%}.elementor-image-gallery .gallery-columns-3 .gallery-item{max-width:33.33%}.elementor-image-gallery .gallery-columns-4 .gallery-item{max-width:25%}.elementor-image-gallery .gallery-columns-5 .gallery-item{max-width:20%}.elementor-image-gallery .gallery-columns-6 .gallery-item{max-width:16.666%}.elementor-image-gallery .gallery-columns-7 .gallery-item{max-width:14.28%}.elementor-image-gallery .gallery-columns-8 .gallery-item{max-width:12.5%}.elementor-image-gallery .gallery-columns-9 .gallery-item{max-width:11.11%}.elementor-image-gallery .gallery-columns-10 .gallery-item{max-width:10%}}@media (min-width:480px) and (max-width:767px){.elementor-image-gallery .gallery.gallery-columns-2 .gallery-item,.elementor-image-gallery .gallery.gallery-columns-3 .gallery-item,.elementor-image-gallery .gallery.gallery-columns-4 .gallery-item,.elementor-image-gallery .gallery.gallery-columns-5 .gallery-item,.elementor-image-gallery .gallery.gallery-columns-6 .gallery-item,.elementor-image-gallery .gallery.gallery-columns-7 .gallery-item,.elementor-image-gallery .gallery.gallery-columns-8 .gallery-item,.elementor-image-gallery .gallery.gallery-columns-9 .gallery-item,.elementor-image-gallery .gallery.gallery-columns-10 .gallery-item{max-width:50%}}@media (max-width:479px){.elementor-image-gallery .gallery.gallery-columns-2 .gallery-item,.elementor-image-gallery .gallery.gallery-columns-3 .gallery-item,.elementor-image-gallery .gallery.gallery-columns-4 .gallery-item,.elementor-image-gallery .gallery.gallery-columns-5 .gallery-item,.elementor-image-gallery .gallery.gallery-columns-6 .gallery-item,.elementor-image-gallery .gallery.gallery-columns-7 .gallery-item,.elementor-image-gallery .gallery.gallery-columns-8 .gallery-item,.elementor-image-gallery .gallery.gallery-columns-9 .gallery-item,.elementor-image-gallery .gallery.gallery-columns-10 .gallery-item{max-width:100%}}<\/style>\t\t<div class=\"elementor-image-gallery\">\n\t\t\t\n\t\t<style type=\"text\/css\">\n\t\t\t#gallery-1 {\n\t\t\t\tmargin: auto;\n\t\t\t}\n\t\t\t#gallery-1 .gallery-item {\n\t\t\t\tfloat: left;\n\t\t\t\tmargin-top: 10px;\n\t\t\t\ttext-align: center;\n\t\t\t\twidth: 25%;\n\t\t\t}\n\t\t\t#gallery-1 img {\n\t\t\t\tborder: 2px solid #cfcfcf;\n\t\t\t}\n\t\t\t#gallery-1 .gallery-caption {\n\t\t\t\tmargin-left: 0;\n\t\t\t}\n\t\t\t\/* see gallery_shortcode() in wp-includes\/media.php *\/\n\t\t<\/style>\n\t\t<div id='gallery-1' class='gallery galleryid-614 gallery-columns-4 gallery-size-homepage-thumb'><dl class='gallery-item'>\n\t\t\t<dt class='gallery-icon portrait'>\n\t\t\t\t<a data-elementor-open-lightbox=\"yes\" data-elementor-lightbox-slideshow=\"02b06ec\" data-elementor-lightbox-description=\"ben\" data-e-action-hash=\"#elementor-action%3Aaction%3Dlightbox%26settings%3DeyJpZCI6MzU5LCJ1cmwiOiJodHRwOlwvXC9ydWdieWJyYXZlcy5jYVwvd3AtY29udGVudFwvdXBsb2Fkc1wvMjAyM1wvMTBcL2Jlbi5qcGciLCJzbGlkZXNob3ciOiIwMmIwNmVjIn0%3D\" href='http:\/\/rugbybraves.ca\/wp-content\/uploads\/2023\/10\/ben.jpg'><img width=\"240\" height=\"145\" src=\"http:\/\/rugbybraves.ca\/wp-content\/uploads\/2023\/10\/ben-240x145.jpg\" class=\"attachment-homepage-thumb size-homepage-thumb\" alt=\"\" decoding=\"async\" \/><\/a>\n\t\t\t<\/dt><\/dl><dl class='gallery-item'>\n\t\t\t<dt class='gallery-icon portrait'>\n\t\t\t\t<a data-elementor-open-lightbox=\"yes\" data-elementor-lightbox-slideshow=\"02b06ec\" data-elementor-lightbox-description=\"347402935_723279276265813_3114612776899142542_n\" data-e-action-hash=\"#elementor-action%3Aaction%3Dlightbox%26settings%3DeyJpZCI6MzU4LCJ1cmwiOiJodHRwOlwvXC9ydWdieWJyYXZlcy5jYVwvd3AtY29udGVudFwvdXBsb2Fkc1wvMjAyM1wvMTBcLzM0NzQwMjkzNV83MjMyNzkyNzYyNjU4MTNfMzExNDYxMjc3Njg5OTE0MjU0Ml9uLmpwZyIsInNsaWRlc2hvdyI6IjAyYjA2ZWMifQ%3D%3D\" href='http:\/\/rugbybraves.ca\/wp-content\/uploads\/2023\/10\/347402935_723279276265813_3114612776899142542_n.jpg'><img width=\"240\" height=\"145\" src=\"http:\/\/rugbybraves.ca\/wp-content\/uploads\/2023\/10\/347402935_723279276265813_3114612776899142542_n-240x145.jpg\" class=\"attachment-homepage-thumb size-homepage-thumb\" alt=\"\" decoding=\"async\" \/><\/a>\n\t\t\t<\/dt><\/dl><dl class='gallery-item'>\n\t\t\t<dt class='gallery-icon landscape'>\n\t\t\t\t<a data-elementor-open-lightbox=\"yes\" data-elementor-lightbox-slideshow=\"02b06ec\" data-elementor-lightbox-description=\"367405807_754934566433617_8025237387979537626_n\" data-e-action-hash=\"#elementor-action%3Aaction%3Dlightbox%26settings%3DeyJpZCI6NTYxLCJ1cmwiOiJodHRwOlwvXC9ydWdieWJyYXZlcy5jYVwvd3AtY29udGVudFwvdXBsb2Fkc1wvMjAyM1wvMTBcLzM2NzQwNTgwN183NTQ5MzQ1NjY0MzM2MTdfODAyNTIzNzM4Nzk3OTUzNzYyNl9uLmpwZyIsInNsaWRlc2hvdyI6IjAyYjA2ZWMifQ%3D%3D\" href='http:\/\/rugbybraves.ca\/wp-content\/uploads\/2023\/10\/367405807_754934566433617_8025237387979537626_n.jpg'><img width=\"240\" height=\"145\" src=\"http:\/\/rugbybraves.ca\/wp-content\/uploads\/2023\/10\/367405807_754934566433617_8025237387979537626_n-240x145.jpg\" class=\"attachment-homepage-thumb size-homepage-thumb\" alt=\"\" decoding=\"async\" \/><\/a>\n\t\t\t<\/dt><\/dl><dl class='gallery-item'>\n\t\t\t<dt class='gallery-icon landscape'>\n\t\t\t\t<a data-elementor-open-lightbox=\"yes\" data-elementor-lightbox-slideshow=\"02b06ec\" data-elementor-lightbox-description=\"230617-Nos anciens\" data-e-action-hash=\"#elementor-action%3Aaction%3Dlightbox%26settings%3DeyJpZCI6OTQ3LCJ1cmwiOiJodHRwOlwvXC9ydWdieWJyYXZlcy5jYVwvd3AtY29udGVudFwvdXBsb2Fkc1wvMjAyM1wvMTBcLzIzMDYxNy1Ob3MtYW5jaWVucy5qcGciLCJzbGlkZXNob3ciOiIwMmIwNmVjIn0%3D\" href='http:\/\/rugbybraves.ca\/wp-content\/uploads\/2023\/10\/230617-Nos-anciens.jpg'><img loading=\"lazy\" width=\"240\" height=\"145\" src=\"http:\/\/rugbybraves.ca\/wp-content\/uploads\/2023\/10\/230617-Nos-anciens-240x145.jpg\" class=\"attachment-homepage-thumb size-homepage-thumb\" alt=\"\" decoding=\"async\" \/><\/a>\n\t\t\t<\/dt><\/dl><br style=\"clear: both\" \/><dl class='gallery-item'>\n\t\t\t<dt class='gallery-icon landscape'>\n\t\t\t\t<a data-elementor-open-lightbox=\"yes\" data-elementor-lightbox-slideshow=\"02b06ec\" data-elementor-lightbox-description=\"230825- rencontre avec \u00c9lissa Alarie ancienne de Trois-Rivi\u00e8res et athl\u00e8te olympique rugby\" data-e-action-hash=\"#elementor-action%3Aaction%3Dlightbox%26settings%3DeyJpZCI6OTU0LCJ1cmwiOiJodHRwOlwvXC9ydWdieWJyYXZlcy5jYVwvd3AtY29udGVudFwvdXBsb2Fkc1wvMjAyM1wvMTBcLzIzMDgyNS1yZW5jb250cmUtYXZlYy1FbGlzc2EtQWxhcmllLWFuY2llbm5lLWRlLVRyb2lzLVJpdmllcmVzLWV0LWF0aGxldGUtb2x5bXBpcXVlLXJ1Z2J5LmpwZyIsInNsaWRlc2hvdyI6IjAyYjA2ZWMifQ%3D%3D\" href='http:\/\/rugbybraves.ca\/wp-content\/uploads\/2023\/10\/230825-rencontre-avec-Elissa-Alarie-ancienne-de-Trois-Rivieres-et-athlete-olympique-rugby.jpg'><img loading=\"lazy\" width=\"240\" height=\"145\" src=\"http:\/\/rugbybraves.ca\/wp-content\/uploads\/2023\/10\/230825-rencontre-avec-Elissa-Alarie-ancienne-de-Trois-Rivieres-et-athlete-olympique-rugby-240x145.jpg\" class=\"attachment-homepage-thumb size-homepage-thumb\" alt=\"\" decoding=\"async\" \/><\/a>\n\t\t\t<\/dt><\/dl><dl class='gallery-item'>\n\t\t\t<dt class='gallery-icon landscape'>\n\t\t\t\t<a data-elementor-open-lightbox=\"yes\" data-elementor-lightbox-slideshow=\"02b06ec\" data-elementor-lightbox-description=\"230716- b\u00e9n\u00e9voles Braves tournoi des r\u00e9gions\" data-e-action-hash=\"#elementor-action%3Aaction%3Dlightbox%26settings%3DeyJpZCI6MTI0NiwidXJsIjoiaHR0cDpcL1wvcnVnYnlicmF2ZXMuY2FcL3dwLWNvbnRlbnRcL3VwbG9hZHNcLzIwMjNcLzEwXC8yMzA3MTYtYmVuZXZvbGVzLUJyYXZlcy10b3Vybm9pLWRlcy1yZWdpb25zLTEuanBnIiwic2xpZGVzaG93IjoiMDJiMDZlYyJ9\" href='http:\/\/rugbybraves.ca\/wp-content\/uploads\/2023\/10\/230716-benevoles-Braves-tournoi-des-regions-1.jpg'><img loading=\"lazy\" width=\"240\" height=\"145\" src=\"http:\/\/rugbybraves.ca\/wp-content\/uploads\/2023\/10\/230716-benevoles-Braves-tournoi-des-regions-1-240x145.jpg\" class=\"attachment-homepage-thumb size-homepage-thumb\" alt=\"\" decoding=\"async\" \/><\/a>\n\t\t\t<\/dt><\/dl><dl class='gallery-item'>\n\t\t\t<dt class='gallery-icon landscape'>\n\t\t\t\t<a data-elementor-open-lightbox=\"yes\" data-elementor-lightbox-slideshow=\"02b06ec\" data-elementor-lightbox-description=\"photo-32\" data-e-action-hash=\"#elementor-action%3Aaction%3Dlightbox%26settings%3DeyJpZCI6MTQyMywidXJsIjoiaHR0cDpcL1wvcnVnYnlicmF2ZXMuY2FcL3dwLWNvbnRlbnRcL3VwbG9hZHNcLzIwMjNcLzExXC9waG90by0zMi1zY2FsZWQuanBnIiwic2xpZGVzaG93IjoiMDJiMDZlYyJ9\" href='http:\/\/rugbybraves.ca\/wp-content\/uploads\/2023\/11\/photo-32-scaled.jpg'><img loading=\"lazy\" width=\"240\" height=\"145\" src=\"http:\/\/rugbybraves.ca\/wp-content\/uploads\/2023\/11\/photo-32-240x145.jpg\" class=\"attachment-homepage-thumb size-homepage-thumb\" alt=\"Supporter-1\" decoding=\"async\" \/><\/a>\n\t\t\t<\/dt><\/dl><dl class='gallery-item'>\n\t\t\t<dt class='gallery-icon portrait'>\n\t\t\t\t<a data-elementor-open-lightbox=\"yes\" data-elementor-lightbox-slideshow=\"02b06ec\" data-elementor-lightbox-description=\"photo-11\" data-e-action-hash=\"#elementor-action%3Aaction%3Dlightbox%26settings%3DeyJpZCI6MTQyNCwidXJsIjoiaHR0cDpcL1wvcnVnYnlicmF2ZXMuY2FcL3dwLWNvbnRlbnRcL3VwbG9hZHNcLzIwMjNcLzExXC9waG90by0xMS1zY2FsZWQuanBnIiwic2xpZGVzaG93IjoiMDJiMDZlYyJ9\" href='http:\/\/rugbybraves.ca\/wp-content\/uploads\/2023\/11\/photo-11-scaled.jpg'><img loading=\"lazy\" width=\"240\" height=\"145\" src=\"http:\/\/rugbybraves.ca\/wp-content\/uploads\/2023\/11\/photo-11-240x145.jpg\" class=\"attachment-homepage-thumb size-homepage-thumb\" alt=\"Supporter enfant\" decoding=\"async\" \/><\/a>\n\t\t\t<\/dt><\/dl><br style=\"clear: both\" \/>\n\t\t<\/div>\n\t\t<\/div>\n\t\t\t\t<\/div>\n\t\t\t\t<\/div>\n\t\t\t\t<div class=\"elementor-element elementor-element-ad56ac9 elementor-widget-divider--view-line elementor-widget elementor-widget-divider\" data-id=\"ad56ac9\" data-element_type=\"widget\" data-widget_type=\"divider.default\">\n\t\t\t\t<div class=\"elementor-widget-container\">\n\t\t\t<style>\/*! elementor - v3.19.0 - 07-02-2024 *\/\n.elementor-widget-divider{--divider-border-style:none;--divider-border-width:1px;--divider-color:#0c0d0e;--divider-icon-size:20px;--divider-element-spacing:10px;--divider-pattern-height:24px;--divider-pattern-size:20px;--divider-pattern-url:none;--divider-pattern-repeat:repeat-x}.elementor-widget-divider .elementor-divider{display:flex}.elementor-widget-divider .elementor-divider__text{font-size:15px;line-height:1;max-width:95%}.elementor-widget-divider .elementor-divider__element{margin:0 var(--divider-element-spacing);flex-shrink:0}.elementor-widget-divider .elementor-icon{font-size:var(--divider-icon-size)}.elementor-widget-divider .elementor-divider-separator{display:flex;margin:0;direction:ltr}.elementor-widget-divider--view-line_icon .elementor-divider-separator,.elementor-widget-divider--view-line_text .elementor-divider-separator{align-items:center}.elementor-widget-divider--view-line_icon .elementor-divider-separator:after,.elementor-widget-divider--view-line_icon .elementor-divider-separator:before,.elementor-widget-divider--view-line_text .elementor-divider-separator:after,.elementor-widget-divider--view-line_text .elementor-divider-separator:before{display:block;content:\"\";border-block-end:0;flex-grow:1;border-block-start:var(--divider-border-width) var(--divider-border-style) var(--divider-color)}.elementor-widget-divider--element-align-left .elementor-divider .elementor-divider-separator>.elementor-divider__svg:first-of-type{flex-grow:0;flex-shrink:100}.elementor-widget-divider--element-align-left .elementor-divider-separator:before{content:none}.elementor-widget-divider--element-align-left .elementor-divider__element{margin-left:0}.elementor-widget-divider--element-align-right .elementor-divider .elementor-divider-separator>.elementor-divider__svg:last-of-type{flex-grow:0;flex-shrink:100}.elementor-widget-divider--element-align-right .elementor-divider-separator:after{content:none}.elementor-widget-divider--element-align-right .elementor-divider__element{margin-right:0}.elementor-widget-divider--element-align-start .elementor-divider .elementor-divider-separator>.elementor-divider__svg:first-of-type{flex-grow:0;flex-shrink:100}.elementor-widget-divider--element-align-start .elementor-divider-separator:before{content:none}.elementor-widget-divider--element-align-start .elementor-divider__element{margin-inline-start:0}.elementor-widget-divider--element-align-end .elementor-divider .elementor-divider-separator>.elementor-divider__svg:last-of-type{flex-grow:0;flex-shrink:100}.elementor-widget-divider--element-align-end .elementor-divider-separator:after{content:none}.elementor-widget-divider--element-align-end .elementor-divider__element{margin-inline-end:0}.elementor-widget-divider:not(.elementor-widget-divider--view-line_text):not(.elementor-widget-divider--view-line_icon) .elementor-divider-separator{border-block-start:var(--divider-border-width) var(--divider-border-style) var(--divider-color)}.elementor-widget-divider--separator-type-pattern{--divider-border-style:none}.elementor-widget-divider--separator-type-pattern.elementor-widget-divider--view-line .elementor-divider-separator,.elementor-widget-divider--separator-type-pattern:not(.elementor-widget-divider--view-line) .elementor-divider-separator:after,.elementor-widget-divider--separator-type-pattern:not(.elementor-widget-divider--view-line) .elementor-divider-separator:before,.elementor-widget-divider--separator-type-pattern:not([class*=elementor-widget-divider--view]) .elementor-divider-separator{width:100%;min-height:var(--divider-pattern-height);-webkit-mask-size:var(--divider-pattern-size) 100%;mask-size:var(--divider-pattern-size) 100%;-webkit-mask-repeat:var(--divider-pattern-repeat);mask-repeat:var(--divider-pattern-repeat);background-color:var(--divider-color);-webkit-mask-image:var(--divider-pattern-url);mask-image:var(--divider-pattern-url)}.elementor-widget-divider--no-spacing{--divider-pattern-size:auto}.elementor-widget-divider--bg-round{--divider-pattern-repeat:round}.rtl .elementor-widget-divider .elementor-divider__text{direction:rtl}.e-con-inner>.elementor-widget-divider,.e-con>.elementor-widget-divider{width:var(--container-widget-width,100%);--flex-grow:var(--container-widget-flex-grow)}<\/style>\t\t<div class=\"elementor-divider\">\n\t\t\t<span class=\"elementor-divider-separator\">\n\t\t\t\t\t\t<\/span>\n\t\t<\/div>\n\t\t\t\t<\/div>\n\t\t\t\t<\/div>\n\t\t\t\t\t<\/div>\n\t\t\t\t<\/div>\n\t\t<div class=\"elementor-element elementor-element-7c2dfdf e-flex e-con-boxed e-con e-parent\" data-id=\"7c2dfdf\" data-element_type=\"container\" data-settings=\"{&quot;content_width&quot;:&quot;boxed&quot;}\" data-core-v316-plus=\"true\">\n\t\t\t\t\t<div class=\"e-con-inner\">\n\t\t\t\t<div class=\"elementor-element elementor-element-ec6dbda elementor-widget elementor-widget-heading\" data-id=\"ec6dbda\" data-element_type=\"widget\" data-widget_type=\"heading.default\">\n\t\t\t\t<div class=\"elementor-widget-container\">\n\t\t\t<h2 class=\"elementor-heading-title elementor-size-default\"><a href=\"https:\/\/youtu.be\/cupqTq67-VI\">Vid\u00e9os<\/a><\/h2>\t\t<\/div>\n\t\t\t\t<\/div>\n\t\t\t\t\t<\/div>\n\t\t\t\t<\/div>\n\t\t<div class=\"elementor-element elementor-element-d102523 e-flex e-con-boxed e-con e-parent\" data-id=\"d102523\" data-element_type=\"container\" data-settings=\"{&quot;content_width&quot;:&quot;boxed&quot;}\" data-core-v316-plus=\"true\">\n\t\t\t\t\t<div class=\"e-con-inner\">\n\t\t\t\t<div class=\"elementor-element elementor-element-dda9483 elementor-widget__width-initial elementor-widget elementor-widget-video\" data-id=\"dda9483\" data-element_type=\"widget\" data-settings=\"{&quot;youtube_url&quot;:&quot;https:\\\/\\\/youtu.be\\\/cupqTq67-VI&quot;,&quot;video_type&quot;:&quot;youtube&quot;,&quot;controls&quot;:&quot;yes&quot;}\" data-widget_type=\"video.default\">\n\t\t\t\t<div class=\"elementor-widget-container\">\n\t\t\t<style>\/*! elementor - v3.19.0 - 07-02-2024 *\/\n.elementor-widget-video .elementor-widget-container{overflow:hidden;transform:translateZ(0)}.elementor-widget-video .elementor-wrapper{aspect-ratio:var(--video-aspect-ratio)}.elementor-widget-video .elementor-wrapper iframe,.elementor-widget-video .elementor-wrapper video{height:100%;width:100%;display:flex;border:none;background-color:#000}@supports not (aspect-ratio:1\/1){.elementor-widget-video .elementor-wrapper{position:relative;overflow:hidden;height:0;padding-bottom:calc(100% \/ var(--video-aspect-ratio))}.elementor-widget-video .elementor-wrapper iframe,.elementor-widget-video .elementor-wrapper video{position:absolute;top:0;right:0;bottom:0;left:0}}.elementor-widget-video .elementor-open-inline .elementor-custom-embed-image-overlay{position:absolute;top:0;right:0;bottom:0;left:0;background-size:cover;background-position:50%}.elementor-widget-video .elementor-custom-embed-image-overlay{cursor:pointer;text-align:center}.elementor-widget-video .elementor-custom-embed-image-overlay:hover .elementor-custom-embed-play i{opacity:1}.elementor-widget-video .elementor-custom-embed-image-overlay img{display:block;width:100%;aspect-ratio:var(--video-aspect-ratio);-o-object-fit:cover;object-fit:cover;-o-object-position:center center;object-position:center center}@supports not (aspect-ratio:1\/1){.elementor-widget-video .elementor-custom-embed-image-overlay{position:relative;overflow:hidden;height:0;padding-bottom:calc(100% \/ var(--video-aspect-ratio))}.elementor-widget-video .elementor-custom-embed-image-overlay img{position:absolute;top:0;right:0;bottom:0;left:0}}.elementor-widget-video .e-hosted-video .elementor-video{-o-object-fit:cover;object-fit:cover}.e-con-inner>.elementor-widget-video,.e-con>.elementor-widget-video{width:var(--container-widget-width);--flex-grow:var(--container-widget-flex-grow)}<\/style>\t\t<div class=\"elementor-wrapper elementor-open-inline\">\n\t\t\t<div class=\"elementor-video\"><\/div>\t\t<\/div>\n\t\t\t\t<\/div>\n\t\t\t\t<\/div>\n\t\t\t\t\t<\/div>\n\t\t\t\t<\/div>\n\t\t\t\t<\/div>\n\t\t","protected":false},"excerpt":{"rendered":"<p>Album photos Vid\u00e9os https:\/\/youtu.be\/cupqTq67-VI<\/p>\n","protected":false},"author":1,"featured_media":0,"parent":32,"menu_order":4,"comment_status":"closed","ping_status":"closed","template":"template-parts\/template-full-width.php","meta":{"footnotes":""},"acf":[],"_links":{"self":[{"href":"http:\/\/rugbybraves.ca\/index.php\/wp-json\/wp\/v2\/pages\/614"}],"collection":[{"href":"http:\/\/rugbybraves.ca\/index.php\/wp-json\/wp\/v2\/pages"}],"about":[{"href":"http:\/\/rugbybraves.ca\/index.php\/wp-json\/wp\/v2\/types\/page"}],"author":[{"embeddable":true,"href":"http:\/\/rugbybraves.ca\/index.php\/wp-json\/wp\/v2\/users\/1"}],"replies":[{"embeddable":true,"href":"http:\/\/rugbybraves.ca\/index.php\/wp-json\/wp\/v2\/comments?post=614"}],"version-history":[{"count":33,"href":"http:\/\/rugbybraves.ca\/index.php\/wp-json\/wp\/v2\/pages\/614\/revisions"}],"predecessor-version":[{"id":1427,"href":"http:\/\/rugbybraves.ca\/index.php\/wp-json\/wp\/v2\/pages\/614\/revisions\/1427"}],"up":[{"embeddable":true,"href":"http:\/\/rugbybraves.ca\/index.php\/wp-json\/wp\/v2\/pages\/32"}],"wp:attachment":[{"href":"http:\/\/rugbybraves.ca\/index.php\/wp-json\/wp\/v2\/media?parent=614"}],"curies":[{"name":"wp","href":"https:\/\/api.w.org\/{rel}","templated":true}]}}