{"id":646,"date":"2023-10-17T23:18:55","date_gmt":"2023-10-18T03:18:55","guid":{"rendered":"http:\/\/rugbybraves.ca\/?page_id=646"},"modified":"2026-02-15T19:45:05","modified_gmt":"2026-02-16T00:45:05","slug":"equipe-feminine","status":"publish","type":"page","link":"http:\/\/rugbybraves.ca\/index.php\/equipe-feminine\/","title":{"rendered":"\u00c9quipe f\u00e9minine S\u00e9nior"},"content":{"rendered":"\t\t<div data-elementor-type=\"wp-page\" data-elementor-id=\"646\" class=\"elementor elementor-646\">\n\t\t\t\t<div class=\"elementor-element elementor-element-1270514 e-flex e-con-boxed e-con e-parent\" data-id=\"1270514\" data-element_type=\"container\" data-settings=\"{&quot;shape_divider_top&quot;:&quot;curve&quot;,&quot;content_width&quot;:&quot;boxed&quot;}\" data-core-v316-plus=\"true\">\n\t\t\t\t\t<div class=\"e-con-inner\">\n\t\t\t\t<div class=\"elementor-shape elementor-shape-top\" data-negative=\"false\">\n\t\t\t<svg xmlns=\"http:\/\/www.w3.org\/2000\/svg\" viewBox=\"0 0 1000 100\" preserveAspectRatio=\"none\">\n    <path class=\"elementor-shape-fill\" d=\"M1000,4.3V0H0v4.3C0.9,23.1,126.7,99.2,500,100S1000,22.7,1000,4.3z\"\/>\n<\/svg>\t\t<\/div>\n\t\t\t\t<div class=\"elementor-element elementor-element-248de9a elementor-widget elementor-widget-text-editor\" data-id=\"248de9a\" data-element_type=\"widget\" data-widget_type=\"text-editor.default\">\n\t\t\t\t<div class=\"elementor-widget-container\">\n\t\t\t<style>\/*! elementor - v3.19.0 - 07-02-2024 *\/\n.elementor-widget-text-editor.elementor-drop-cap-view-stacked .elementor-drop-cap{background-color:#69727d;color:#fff}.elementor-widget-text-editor.elementor-drop-cap-view-framed .elementor-drop-cap{color:#69727d;border:3px solid;background-color:transparent}.elementor-widget-text-editor:not(.elementor-drop-cap-view-default) .elementor-drop-cap{margin-top:8px}.elementor-widget-text-editor:not(.elementor-drop-cap-view-default) .elementor-drop-cap-letter{width:1em;height:1em}.elementor-widget-text-editor .elementor-drop-cap{float:left;text-align:center;line-height:1;font-size:50px}.elementor-widget-text-editor .elementor-drop-cap-letter{display:inline-block}<\/style>\t\t\t\t<p>\u00a0<\/p><p>\u00c9voluant en Division Provinciale 2 de la ligue de rugby provinciale, notre \u00e9quipe a r\u00e9alis\u00e9 des prouesses remarquables en atteignant les deux derni\u00e8res \u00e9ditions des finales provinciales.<\/p><p>Notre \u00e9quipe se distingue par sa diversit\u00e9. Compos\u00e9e de joueuses de tous horizons, allant de d\u00e9butantes \u00e0 des v\u00e9t\u00e9ranes exp\u00e9riment\u00e9es, elle incarne la vari\u00e9t\u00e9 de l&rsquo;exp\u00e9rience dans le rugby. En outre, l&rsquo;\u00e2ge de nos joueuses varie, cr\u00e9ant un groupe dynamique alliant jeunes talents et expertise.<br \/>Sous la direction stable de Jean Michel Gastineau, notre \u00e9quipe b\u00e9n\u00e9ficie d&rsquo;un leadership fort. Nous avons \u00e9galement la chance d&rsquo;avoir une marraine inspirante, Maude Grenier une source inestimable de soutien moral pour nos troupes.<br \/>L\u2019\u00e9quipe est exclusivement s\u00e9nior, compos\u00e9e de joueuses de plus de 18 ans. Ce qui nous unit au-del\u00e0 du terrain, c&rsquo;est l&rsquo;amiti\u00e9 solide qui s&rsquo;est d\u00e9velopp\u00e9e au fil du temps.<\/p><p>Ces liens renforcent notre coh\u00e9sion et sont un moteur de la progression constante.<\/p>\t\t\t\t\t\t<\/div>\n\t\t\t\t<\/div>\n\t\t\t\t<div class=\"elementor-element elementor-element-8c19f99 elementor-widget__width-initial elementor-widget elementor-widget-image\" data-id=\"8c19f99\" data-element_type=\"widget\" data-widget_type=\"image.default\">\n\t\t\t\t<div class=\"elementor-widget-container\">\n\t\t\t<style>\/*! elementor - v3.19.0 - 07-02-2024 *\/\n.elementor-widget-image{text-align:center}.elementor-widget-image a{display:inline-block}.elementor-widget-image a img[src$=\".svg\"]{width:48px}.elementor-widget-image img{vertical-align:middle;display:inline-block}<\/style>\t\t\t\t\t\t\t\t\t\t<img fetchpriority=\"high\" decoding=\"async\" width=\"1024\" height=\"768\" src=\"http:\/\/rugbybraves.ca\/wp-content\/uploads\/2023\/09\/369704753_761012982492442_8881445791179547010_n-3-1024x768.jpg\" class=\"attachment-large size-large wp-image-193\" alt=\"\" srcset=\"http:\/\/rugbybraves.ca\/wp-content\/uploads\/2023\/09\/369704753_761012982492442_8881445791179547010_n-3-1024x768.jpg 1024w, http:\/\/rugbybraves.ca\/wp-content\/uploads\/2023\/09\/369704753_761012982492442_8881445791179547010_n-3-600x450.jpg 600w, http:\/\/rugbybraves.ca\/wp-content\/uploads\/2023\/09\/369704753_761012982492442_8881445791179547010_n-3-300x225.jpg 300w, http:\/\/rugbybraves.ca\/wp-content\/uploads\/2023\/09\/369704753_761012982492442_8881445791179547010_n-3-768x576.jpg 768w, http:\/\/rugbybraves.ca\/wp-content\/uploads\/2023\/09\/369704753_761012982492442_8881445791179547010_n-3-1536x1152.jpg 1536w, http:\/\/rugbybraves.ca\/wp-content\/uploads\/2023\/09\/369704753_761012982492442_8881445791179547010_n-3.jpg 2048w\" sizes=\"(max-width: 1024px) 100vw, 1024px\" \/>\t\t\t\t\t\t\t\t\t\t\t\t\t<\/div>\n\t\t\t\t<\/div>\n\t\t\t\t<div class=\"elementor-element elementor-element-eb110cd elementor-widget-divider--view-line elementor-widget elementor-widget-divider\" data-id=\"eb110cd\" data-element_type=\"widget\" data-widget_type=\"divider.default\">\n\t\t\t\t<div class=\"elementor-widget-container\">\n\t\t\t<style>\/*! elementor - v3.19.0 - 07-02-2024 *\/\n.elementor-widget-divider{--divider-border-style:none;--divider-border-width:1px;--divider-color:#0c0d0e;--divider-icon-size:20px;--divider-element-spacing:10px;--divider-pattern-height:24px;--divider-pattern-size:20px;--divider-pattern-url:none;--divider-pattern-repeat:repeat-x}.elementor-widget-divider .elementor-divider{display:flex}.elementor-widget-divider .elementor-divider__text{font-size:15px;line-height:1;max-width:95%}.elementor-widget-divider .elementor-divider__element{margin:0 var(--divider-element-spacing);flex-shrink:0}.elementor-widget-divider .elementor-icon{font-size:var(--divider-icon-size)}.elementor-widget-divider .elementor-divider-separator{display:flex;margin:0;direction:ltr}.elementor-widget-divider--view-line_icon .elementor-divider-separator,.elementor-widget-divider--view-line_text .elementor-divider-separator{align-items:center}.elementor-widget-divider--view-line_icon .elementor-divider-separator:after,.elementor-widget-divider--view-line_icon .elementor-divider-separator:before,.elementor-widget-divider--view-line_text .elementor-divider-separator:after,.elementor-widget-divider--view-line_text .elementor-divider-separator:before{display:block;content:\"\";border-block-end:0;flex-grow:1;border-block-start:var(--divider-border-width) var(--divider-border-style) var(--divider-color)}.elementor-widget-divider--element-align-left .elementor-divider .elementor-divider-separator>.elementor-divider__svg:first-of-type{flex-grow:0;flex-shrink:100}.elementor-widget-divider--element-align-left .elementor-divider-separator:before{content:none}.elementor-widget-divider--element-align-left .elementor-divider__element{margin-left:0}.elementor-widget-divider--element-align-right .elementor-divider .elementor-divider-separator>.elementor-divider__svg:last-of-type{flex-grow:0;flex-shrink:100}.elementor-widget-divider--element-align-right .elementor-divider-separator:after{content:none}.elementor-widget-divider--element-align-right .elementor-divider__element{margin-right:0}.elementor-widget-divider--element-align-start .elementor-divider .elementor-divider-separator>.elementor-divider__svg:first-of-type{flex-grow:0;flex-shrink:100}.elementor-widget-divider--element-align-start .elementor-divider-separator:before{content:none}.elementor-widget-divider--element-align-start .elementor-divider__element{margin-inline-start:0}.elementor-widget-divider--element-align-end .elementor-divider .elementor-divider-separator>.elementor-divider__svg:last-of-type{flex-grow:0;flex-shrink:100}.elementor-widget-divider--element-align-end .elementor-divider-separator:after{content:none}.elementor-widget-divider--element-align-end .elementor-divider__element{margin-inline-end:0}.elementor-widget-divider:not(.elementor-widget-divider--view-line_text):not(.elementor-widget-divider--view-line_icon) .elementor-divider-separator{border-block-start:var(--divider-border-width) var(--divider-border-style) var(--divider-color)}.elementor-widget-divider--separator-type-pattern{--divider-border-style:none}.elementor-widget-divider--separator-type-pattern.elementor-widget-divider--view-line .elementor-divider-separator,.elementor-widget-divider--separator-type-pattern:not(.elementor-widget-divider--view-line) .elementor-divider-separator:after,.elementor-widget-divider--separator-type-pattern:not(.elementor-widget-divider--view-line) .elementor-divider-separator:before,.elementor-widget-divider--separator-type-pattern:not([class*=elementor-widget-divider--view]) .elementor-divider-separator{width:100%;min-height:var(--divider-pattern-height);-webkit-mask-size:var(--divider-pattern-size) 100%;mask-size:var(--divider-pattern-size) 100%;-webkit-mask-repeat:var(--divider-pattern-repeat);mask-repeat:var(--divider-pattern-repeat);background-color:var(--divider-color);-webkit-mask-image:var(--divider-pattern-url);mask-image:var(--divider-pattern-url)}.elementor-widget-divider--no-spacing{--divider-pattern-size:auto}.elementor-widget-divider--bg-round{--divider-pattern-repeat:round}.rtl .elementor-widget-divider .elementor-divider__text{direction:rtl}.e-con-inner>.elementor-widget-divider,.e-con>.elementor-widget-divider{width:var(--container-widget-width,100%);--flex-grow:var(--container-widget-flex-grow)}<\/style>\t\t<div class=\"elementor-divider\">\n\t\t\t<span class=\"elementor-divider-separator\">\n\t\t\t\t\t\t<\/span>\n\t\t<\/div>\n\t\t\t\t<\/div>\n\t\t\t\t<\/div>\n\t\t\t\t<div class=\"elementor-element elementor-element-d2abc5b elementor-widget elementor-widget-heading\" data-id=\"d2abc5b\" data-element_type=\"widget\" data-widget_type=\"heading.default\">\n\t\t\t\t<div class=\"elementor-widget-container\">\n\t\t\t<style>\/*! elementor - v3.19.0 - 07-02-2024 *\/\n.elementor-heading-title{padding:0;margin:0;line-height:1}.elementor-widget-heading .elementor-heading-title[class*=elementor-size-]>a{color:inherit;font-size:inherit;line-height:inherit}.elementor-widget-heading .elementor-heading-title.elementor-size-small{font-size:15px}.elementor-widget-heading .elementor-heading-title.elementor-size-medium{font-size:19px}.elementor-widget-heading .elementor-heading-title.elementor-size-large{font-size:29px}.elementor-widget-heading .elementor-heading-title.elementor-size-xl{font-size:39px}.elementor-widget-heading .elementor-heading-title.elementor-size-xxl{font-size:59px}<\/style><h2 class=\"elementor-heading-title elementor-size-default\">Les entraineurs<\/h2>\t\t<\/div>\n\t\t\t\t<\/div>\n\t\t\t\t\t<\/div>\n\t\t\t\t<\/div>\n\t\t<div class=\"elementor-element elementor-element-185a681 e-flex e-con-boxed e-con e-parent\" data-id=\"185a681\" data-element_type=\"container\" data-settings=\"{&quot;content_width&quot;:&quot;boxed&quot;}\" data-core-v316-plus=\"true\">\n\t\t\t\t\t<div class=\"e-con-inner\">\n\t\t\t\t<div class=\"elementor-element elementor-element-164833a elementor-widget elementor-widget-spacer\" data-id=\"164833a\" data-element_type=\"widget\" data-widget_type=\"spacer.default\">\n\t\t\t\t<div class=\"elementor-widget-container\">\n\t\t\t<style>\/*! elementor - v3.19.0 - 07-02-2024 *\/\n.elementor-column .elementor-spacer-inner{height:var(--spacer-size)}.e-con{--container-widget-width:100%}.e-con-inner>.elementor-widget-spacer,.e-con>.elementor-widget-spacer{width:var(--container-widget-width,var(--spacer-size));--align-self:var(--container-widget-align-self,initial);--flex-shrink:0}.e-con-inner>.elementor-widget-spacer>.elementor-widget-container,.e-con>.elementor-widget-spacer>.elementor-widget-container{height:100%;width:100%}.e-con-inner>.elementor-widget-spacer>.elementor-widget-container>.elementor-spacer,.e-con>.elementor-widget-spacer>.elementor-widget-container>.elementor-spacer{height:100%}.e-con-inner>.elementor-widget-spacer>.elementor-widget-container>.elementor-spacer>.elementor-spacer-inner,.e-con>.elementor-widget-spacer>.elementor-widget-container>.elementor-spacer>.elementor-spacer-inner{height:var(--container-widget-height,var(--spacer-size))}.e-con-inner>.elementor-widget-spacer.elementor-widget-empty,.e-con>.elementor-widget-spacer.elementor-widget-empty{position:relative;min-height:22px;min-width:22px}.e-con-inner>.elementor-widget-spacer.elementor-widget-empty .elementor-widget-empty-icon,.e-con>.elementor-widget-spacer.elementor-widget-empty .elementor-widget-empty-icon{position:absolute;top:0;bottom:0;left:0;right:0;margin:auto;padding:0;width:22px;height:22px}<\/style>\t\t<div class=\"elementor-spacer\">\n\t\t\t<div class=\"elementor-spacer-inner\"><\/div>\n\t\t<\/div>\n\t\t\t\t<\/div>\n\t\t\t\t<\/div>\n\t\t\t\t\t<\/div>\n\t\t\t\t<\/div>\n\t\t<div class=\"elementor-element elementor-element-7cfe6f06 e-flex e-con-boxed e-con e-parent\" data-id=\"7cfe6f06\" data-element_type=\"container\" data-settings=\"{&quot;background_background&quot;:&quot;classic&quot;,&quot;shape_divider_bottom&quot;:&quot;curve&quot;,&quot;content_width&quot;:&quot;boxed&quot;}\" data-core-v316-plus=\"true\">\n\t\t\t\t\t<div class=\"e-con-inner\">\n\t\t\t\t<div class=\"elementor-shape elementor-shape-bottom\" data-negative=\"false\">\n\t\t\t<svg xmlns=\"http:\/\/www.w3.org\/2000\/svg\" viewBox=\"0 0 1000 100\" preserveAspectRatio=\"none\">\n    <path class=\"elementor-shape-fill\" d=\"M1000,4.3V0H0v4.3C0.9,23.1,126.7,99.2,500,100S1000,22.7,1000,4.3z\"\/>\n<\/svg>\t\t<\/div>\n\t\t<div class=\"elementor-element elementor-element-47f5260d e-con-full e-flex e-con e-child\" data-id=\"47f5260d\" data-element_type=\"container\" data-settings=\"{&quot;content_width&quot;:&quot;full&quot;}\">\n\t\t\t\t<div class=\"elementor-element elementor-element-1bf2276 elementor-widget elementor-widget-heading\" data-id=\"1bf2276\" data-element_type=\"widget\" data-widget_type=\"heading.default\">\n\t\t\t\t<div class=\"elementor-widget-container\">\n\t\t\t<h2 class=\"elementor-heading-title elementor-size-default\">Alexandre Marceau<\/h2>\t\t<\/div>\n\t\t\t\t<\/div>\n\t\t\t\t<div class=\"elementor-element elementor-element-50dd3612 elementor-widget elementor-widget-heading\" data-id=\"50dd3612\" data-element_type=\"widget\" data-widget_type=\"heading.default\">\n\t\t\t\t<div class=\"elementor-widget-container\">\n\t\t\t<h4 class=\"elementor-heading-title elementor-size-default\">\u00c9quipe s\u00e9nior f\u00e9minine<\/h4>\t\t<\/div>\n\t\t\t\t<\/div>\n\t\t\t\t<div class=\"elementor-element elementor-element-4fb00e21 elementor-widget__width-initial elementor-widget elementor-widget-image\" data-id=\"4fb00e21\" data-element_type=\"widget\" data-widget_type=\"image.default\">\n\t\t\t\t<div class=\"elementor-widget-container\">\n\t\t\t\t\t\t\t\t\t\t\t\t\t<img decoding=\"async\" width=\"683\" height=\"1024\" src=\"http:\/\/rugbybraves.ca\/wp-content\/uploads\/2026\/02\/att.NKthViVzot3eq8U2d6N4lNQUNJoplEQ51uUlqxfK7dA1-683x1024.webp\" class=\"attachment-large size-large wp-image-1577\" alt=\"\" srcset=\"http:\/\/rugbybraves.ca\/wp-content\/uploads\/2026\/02\/att.NKthViVzot3eq8U2d6N4lNQUNJoplEQ51uUlqxfK7dA1-683x1024.webp 683w, http:\/\/rugbybraves.ca\/wp-content\/uploads\/2026\/02\/att.NKthViVzot3eq8U2d6N4lNQUNJoplEQ51uUlqxfK7dA1-200x300.webp 200w, http:\/\/rugbybraves.ca\/wp-content\/uploads\/2026\/02\/att.NKthViVzot3eq8U2d6N4lNQUNJoplEQ51uUlqxfK7dA1-768x1152.webp 768w, http:\/\/rugbybraves.ca\/wp-content\/uploads\/2026\/02\/att.NKthViVzot3eq8U2d6N4lNQUNJoplEQ51uUlqxfK7dA1-1024x1536.webp 1024w, http:\/\/rugbybraves.ca\/wp-content\/uploads\/2026\/02\/att.NKthViVzot3eq8U2d6N4lNQUNJoplEQ51uUlqxfK7dA1-600x900.webp 600w, http:\/\/rugbybraves.ca\/wp-content\/uploads\/2026\/02\/att.NKthViVzot3eq8U2d6N4lNQUNJoplEQ51uUlqxfK7dA1.webp 1365w\" sizes=\"(max-width: 683px) 100vw, 683px\" \/>\t\t\t\t\t\t\t\t\t\t\t\t\t<\/div>\n\t\t\t\t<\/div>\n\t\t\t\t<\/div>\n\t\t<div class=\"elementor-element elementor-element-20266c80 e-con-full e-flex e-con e-child\" data-id=\"20266c80\" data-element_type=\"container\" data-settings=\"{&quot;content_width&quot;:&quot;full&quot;}\">\n\t\t\t\t<div class=\"elementor-element elementor-element-3c794327 elementor-widget elementor-widget-text-editor\" data-id=\"3c794327\" data-element_type=\"widget\" data-widget_type=\"text-editor.default\">\n\t\t\t\t<div class=\"elementor-widget-container\">\n\t\t\t\t\t\t\t<div class=\"x14z9mp xat24cr x1lziwak x1vvkbs xtlvy1s x126k92a\">\u00a0<\/div><div class=\"x14z9mp xat24cr x1lziwak x1vvkbs xtlvy1s x126k92a\"><div dir=\"auto\">Passionn\u00e9, engag\u00e9 et profond\u00e9ment investi dans le d\u00e9veloppement du rugby provincial, il incarne depuis plus de vingt ans le leadership et la transmission des valeurs du sport.<\/div><div dir=\"auto\">\u00a0<\/div><\/div><ul><li>Il a commenc\u00e9 le rugby en 2003 \u00e0 l\u2019Acad\u00e9mie Les Estacades.<\/li><li>En 2005, il a rejoint les Braves et a \u00e9t\u00e9 nomm\u00e9 recrue de l\u2019ann\u00e9e.<\/li><li>Il a int\u00e9gr\u00e9 le conseil d\u2019administration des Braves en occupant diff\u00e9rents postes : responsable de l\u2019\u00e9quipe masculine, vice-pr\u00e9sident social, pr\u00e9sident et vice-pr\u00e9sident.<\/li><li>Il a repris la pr\u00e9sidence des Braves en 2025.<\/li><li>\u00a0En 2013, avec Vincent Lessard, il a relanc\u00e9 le programme de rugby \u00e0 l\u2019\u00e9cole Chavigny.<\/li><li>Il a \u00e9t\u00e9 nomm\u00e9 assistant-entra\u00eeneur de l\u2019ann\u00e9e au gala sportif de l\u2019\u00e9cole Chavigny.<\/li><li>Il a ensuite \u00e9t\u00e9 entra\u00eeneur-chef pendant les deux ann\u00e9es suivantes.<\/li><li>Maintenant pour la saison 2026, il s\u2019est engag\u00e9 comme entra\u00eeneur-chef et entra\u00eeneur des avants pour l\u2019\u00e9quipe f\u00e9minine.<\/li><\/ul>\t\t\t\t\t\t<\/div>\n\t\t\t\t<\/div>\n\t\t\t\t<\/div>\n\t\t\t\t\t<\/div>\n\t\t\t\t<\/div>\n\t\t<div class=\"elementor-element elementor-element-571f1823 e-flex e-con-boxed e-con e-parent\" data-id=\"571f1823\" data-element_type=\"container\" data-settings=\"{&quot;background_background&quot;:&quot;classic&quot;,&quot;shape_divider_bottom&quot;:&quot;curve&quot;,&quot;content_width&quot;:&quot;boxed&quot;}\" data-core-v316-plus=\"true\">\n\t\t\t\t\t<div class=\"e-con-inner\">\n\t\t\t\t<div class=\"elementor-shape elementor-shape-bottom\" data-negative=\"false\">\n\t\t\t<svg xmlns=\"http:\/\/www.w3.org\/2000\/svg\" viewBox=\"0 0 1000 100\" preserveAspectRatio=\"none\">\n    <path class=\"elementor-shape-fill\" d=\"M1000,4.3V0H0v4.3C0.9,23.1,126.7,99.2,500,100S1000,22.7,1000,4.3z\"\/>\n<\/svg>\t\t<\/div>\n\t\t<div class=\"elementor-element elementor-element-19e5eef8 e-con-full e-flex e-con e-child\" data-id=\"19e5eef8\" data-element_type=\"container\" data-settings=\"{&quot;content_width&quot;:&quot;full&quot;}\">\n\t\t\t\t<div class=\"elementor-element elementor-element-2ae4c934 elementor-widget elementor-widget-heading\" data-id=\"2ae4c934\" data-element_type=\"widget\" data-widget_type=\"heading.default\">\n\t\t\t\t<div class=\"elementor-widget-container\">\n\t\t\t<h2 class=\"elementor-heading-title elementor-size-default\">Jean-Fran\u00e7ois Hetu<\/h2>\t\t<\/div>\n\t\t\t\t<\/div>\n\t\t\t\t<div class=\"elementor-element elementor-element-1f481044 elementor-widget elementor-widget-heading\" data-id=\"1f481044\" data-element_type=\"widget\" data-widget_type=\"heading.default\">\n\t\t\t\t<div class=\"elementor-widget-container\">\n\t\t\t<h4 class=\"elementor-heading-title elementor-size-default\">\u00c9quipe s\u00e9nior f\u00e9minine<\/h4>\t\t<\/div>\n\t\t\t\t<\/div>\n\t\t\t\t<div class=\"elementor-element elementor-element-5b2f7357 elementor-widget__width-initial elementor-widget elementor-widget-image\" data-id=\"5b2f7357\" data-element_type=\"widget\" data-widget_type=\"image.default\">\n\t\t\t\t<div class=\"elementor-widget-container\">\n\t\t\t\t\t\t\t\t\t\t\t\t\t<img decoding=\"async\" width=\"683\" height=\"1024\" src=\"http:\/\/rugbybraves.ca\/wp-content\/uploads\/2026\/02\/att.3GnUM8PsdXmHfbFpBJpYpVd_WEQOQZie4bTYm6yxfM01-683x1024.webp\" class=\"attachment-large size-large wp-image-1575\" alt=\"\" srcset=\"http:\/\/rugbybraves.ca\/wp-content\/uploads\/2026\/02\/att.3GnUM8PsdXmHfbFpBJpYpVd_WEQOQZie4bTYm6yxfM01-683x1024.webp 683w, http:\/\/rugbybraves.ca\/wp-content\/uploads\/2026\/02\/att.3GnUM8PsdXmHfbFpBJpYpVd_WEQOQZie4bTYm6yxfM01-200x300.webp 200w, http:\/\/rugbybraves.ca\/wp-content\/uploads\/2026\/02\/att.3GnUM8PsdXmHfbFpBJpYpVd_WEQOQZie4bTYm6yxfM01-768x1152.webp 768w, http:\/\/rugbybraves.ca\/wp-content\/uploads\/2026\/02\/att.3GnUM8PsdXmHfbFpBJpYpVd_WEQOQZie4bTYm6yxfM01-1024x1536.webp 1024w, http:\/\/rugbybraves.ca\/wp-content\/uploads\/2026\/02\/att.3GnUM8PsdXmHfbFpBJpYpVd_WEQOQZie4bTYm6yxfM01-600x900.webp 600w, http:\/\/rugbybraves.ca\/wp-content\/uploads\/2026\/02\/att.3GnUM8PsdXmHfbFpBJpYpVd_WEQOQZie4bTYm6yxfM01.webp 1365w\" sizes=\"(max-width: 683px) 100vw, 683px\" \/>\t\t\t\t\t\t\t\t\t\t\t\t\t<\/div>\n\t\t\t\t<\/div>\n\t\t\t\t<\/div>\n\t\t<div class=\"elementor-element elementor-element-2a508d90 e-con-full e-flex e-con e-child\" data-id=\"2a508d90\" data-element_type=\"container\" data-settings=\"{&quot;content_width&quot;:&quot;full&quot;}\">\n\t\t\t\t<div class=\"elementor-element elementor-element-327d63b6 elementor-widget elementor-widget-text-editor\" data-id=\"327d63b6\" data-element_type=\"widget\" data-widget_type=\"text-editor.default\">\n\t\t\t\t<div class=\"elementor-widget-container\">\n\t\t\t\t\t\t\t<ul><li>D\u00e9but de sa carri\u00e8re de rugbyman a l\u2019\u00e2ge de 22 ans (1998) pour le club d\u00e9funt de Trois-Rivi\u00e8res &#8211; Les Boucaniers.<\/li><li>En 2000 il a rejoint le club des Braves de Trois-Rivi\u00e8res<\/li><li>membre du comit\u00e9 de la FRQ pendant 2-3 ans (2004 \u00e0 2006 )<\/li><li>Pr\u00e9sident du club des Braves pendant 5 ans (2002-2006)<\/li><li>Participation \u00e0 7 Championnats et 3 fois champion<\/li><li>D\u00e9but\u00e9 en tant que num\u00e9ro 15 pour ensuite jouer \u00e0 plusieurs positions jusqu\u2019\u00e0 2e ligne ou m\u00eame pilier<\/li><li>Nomm\u00e9 Rugbyman de l\u2019ann\u00e9e 2002<\/li><li>Apr\u00e8s 5 ans de retraite Jean-Fran\u00e7ois a fait son grand retour \u00e0 l\u2019\u00e2ge de 40 ans<\/li><li>Arbitre pendant plusieurs ann\u00e9es pour le club et la ligue scolaire<\/li><li>En 2022 entraineur de l\u2019\u00e9quipe masculine qui s\u2019est rendu jusqu\u2019en finale du championnat provincial<\/li><li>en 2023 il prend place en tant que coach de l&rsquo;\u00e9quipe f\u00e9minine\u00a0<\/li><\/ul>\t\t\t\t\t\t<\/div>\n\t\t\t\t<\/div>\n\t\t\t\t<\/div>\n\t\t\t\t\t<\/div>\n\t\t\t\t<\/div>\n\t\t<div class=\"elementor-element elementor-element-86e6c52 e-flex e-con-boxed e-con e-parent\" data-id=\"86e6c52\" data-element_type=\"container\" data-settings=\"{&quot;content_width&quot;:&quot;boxed&quot;}\" data-core-v316-plus=\"true\">\n\t\t\t\t\t<div class=\"e-con-inner\">\n\t\t\t\t<div class=\"elementor-element elementor-element-07ce762 elementor-align-center elementor-widget elementor-widget-button\" data-id=\"07ce762\" data-element_type=\"widget\" data-widget_type=\"button.default\">\n\t\t\t\t<div class=\"elementor-widget-container\">\n\t\t\t\t\t<div class=\"elementor-button-wrapper\">\n\t\t\t<a class=\"elementor-button elementor-button-link elementor-size-lg\" href=\"http:\/\/rugbybraves.ca\/index.php\/media\/album-equipe-feminine\/\" target=\"_blank\">\n\t\t\t\t\t\t<span class=\"elementor-button-content-wrapper\">\n\t\t\t\t\t\t<span class=\"elementor-button-text\">ALBUM PHOTO<\/span>\n\t\t<\/span>\n\t\t\t\t\t<\/a>\n\t\t<\/div>\n\t\t\t\t<\/div>\n\t\t\t\t<\/div>\n\t\t\t\t<div class=\"elementor-element elementor-element-bb2c34b elementor-widget elementor-widget-spacer\" data-id=\"bb2c34b\" data-element_type=\"widget\" data-widget_type=\"spacer.default\">\n\t\t\t\t<div class=\"elementor-widget-container\">\n\t\t\t\t\t<div class=\"elementor-spacer\">\n\t\t\t<div class=\"elementor-spacer-inner\"><\/div>\n\t\t<\/div>\n\t\t\t\t<\/div>\n\t\t\t\t<\/div>\n\t\t\t\t\t<\/div>\n\t\t\t\t<\/div>\n\t\t\t\t<\/div>\n\t\t","protected":false},"excerpt":{"rendered":"<p>\u00a0 \u00c9voluant en Division Provinciale 2 de la ligue de rugby provinciale, notre \u00e9quipe a r\u00e9alis\u00e9 des prouesses remarquables en atteignant les deux derni\u00e8res \u00e9ditions des finales provinciales. Notre \u00e9quipe se distingue par sa diversit\u00e9. Compos\u00e9e de joueuses de tous horizons, allant de d\u00e9butantes \u00e0 des v\u00e9t\u00e9ranes exp\u00e9riment\u00e9es, elle incarne la vari\u00e9t\u00e9 de l&rsquo;exp\u00e9rience dans le rugby. En outre, l&rsquo;\u00e2ge de nos joueuses varie, cr\u00e9ant un groupe dynamique alliant jeunes talents et expertise.Sous la direction stable de Jean Michel Gastineau, notre \u00e9quipe b\u00e9n\u00e9ficie d&rsquo;un leadership fort. Nous avons \u00e9galement la chance d&rsquo;avoir une marraine inspirante, Maude Grenier une source inestimable&#8230; <\/p>\n","protected":false},"author":1,"featured_media":0,"parent":0,"menu_order":0,"comment_status":"closed","ping_status":"closed","template":"template-parts\/template-full-width.php","meta":{"footnotes":""},"acf":[],"_links":{"self":[{"href":"http:\/\/rugbybraves.ca\/index.php\/wp-json\/wp\/v2\/pages\/646"}],"collection":[{"href":"http:\/\/rugbybraves.ca\/index.php\/wp-json\/wp\/v2\/pages"}],"about":[{"href":"http:\/\/rugbybraves.ca\/index.php\/wp-json\/wp\/v2\/types\/page"}],"author":[{"embeddable":true,"href":"http:\/\/rugbybraves.ca\/index.php\/wp-json\/wp\/v2\/users\/1"}],"replies":[{"embeddable":true,"href":"http:\/\/rugbybraves.ca\/index.php\/wp-json\/wp\/v2\/comments?post=646"}],"version-history":[{"count":36,"href":"http:\/\/rugbybraves.ca\/index.php\/wp-json\/wp\/v2\/pages\/646\/revisions"}],"predecessor-version":[{"id":1592,"href":"http:\/\/rugbybraves.ca\/index.php\/wp-json\/wp\/v2\/pages\/646\/revisions\/1592"}],"wp:attachment":[{"href":"http:\/\/rugbybraves.ca\/index.php\/wp-json\/wp\/v2\/media?parent=646"}],"curies":[{"name":"wp","href":"https:\/\/api.w.org\/{rel}","templated":true}]}}