{"id":931,"date":"2023-10-23T23:32:22","date_gmt":"2023-10-24T03:32:22","guid":{"rendered":"http:\/\/rugbybraves.ca\/?page_id=931"},"modified":"2024-04-19T15:55:49","modified_gmt":"2024-04-19T19:55:49","slug":"anciens-du-club-2","status":"publish","type":"page","link":"http:\/\/rugbybraves.ca\/index.php\/anciens-du-club-2\/","title":{"rendered":"Anciens du club"},"content":{"rendered":"\t\t<div data-elementor-type=\"wp-page\" data-elementor-id=\"931\" class=\"elementor elementor-931\">\n\t\t\t\t<div class=\"elementor-element elementor-element-b105cc1 e-flex e-con-boxed e-con e-parent\" data-id=\"b105cc1\" data-element_type=\"container\" data-settings=\"{&quot;content_width&quot;:&quot;boxed&quot;}\" data-core-v316-plus=\"true\">\n\t\t\t\t\t<div class=\"e-con-inner\">\n\t\t\t\t<div class=\"elementor-element elementor-element-5f91dbc elementor-widget elementor-widget-image-gallery\" data-id=\"5f91dbc\" data-element_type=\"widget\" data-widget_type=\"image-gallery.default\">\n\t\t\t\t<div class=\"elementor-widget-container\">\n\t\t\t<style>\/*! elementor - v3.19.0 - 07-02-2024 *\/\n.elementor-image-gallery .gallery-item{display:inline-block;text-align:center;vertical-align:top;width:100%;max-width:100%;margin:0 auto}.elementor-image-gallery .gallery-item img{margin:0 auto}.elementor-image-gallery .gallery-item .gallery-caption{margin:0}.elementor-image-gallery figure img{display:block}.elementor-image-gallery figure figcaption{width:100%}.gallery-spacing-custom .elementor-image-gallery .gallery-icon{padding:0}@media (min-width:768px){.elementor-image-gallery .gallery-columns-2 .gallery-item{max-width:50%}.elementor-image-gallery .gallery-columns-3 .gallery-item{max-width:33.33%}.elementor-image-gallery .gallery-columns-4 .gallery-item{max-width:25%}.elementor-image-gallery .gallery-columns-5 .gallery-item{max-width:20%}.elementor-image-gallery .gallery-columns-6 .gallery-item{max-width:16.666%}.elementor-image-gallery .gallery-columns-7 .gallery-item{max-width:14.28%}.elementor-image-gallery .gallery-columns-8 .gallery-item{max-width:12.5%}.elementor-image-gallery .gallery-columns-9 .gallery-item{max-width:11.11%}.elementor-image-gallery .gallery-columns-10 .gallery-item{max-width:10%}}@media (min-width:480px) and (max-width:767px){.elementor-image-gallery .gallery.gallery-columns-2 .gallery-item,.elementor-image-gallery .gallery.gallery-columns-3 .gallery-item,.elementor-image-gallery .gallery.gallery-columns-4 .gallery-item,.elementor-image-gallery .gallery.gallery-columns-5 .gallery-item,.elementor-image-gallery .gallery.gallery-columns-6 .gallery-item,.elementor-image-gallery .gallery.gallery-columns-7 .gallery-item,.elementor-image-gallery .gallery.gallery-columns-8 .gallery-item,.elementor-image-gallery .gallery.gallery-columns-9 .gallery-item,.elementor-image-gallery .gallery.gallery-columns-10 .gallery-item{max-width:50%}}@media (max-width:479px){.elementor-image-gallery .gallery.gallery-columns-2 .gallery-item,.elementor-image-gallery .gallery.gallery-columns-3 .gallery-item,.elementor-image-gallery .gallery.gallery-columns-4 .gallery-item,.elementor-image-gallery .gallery.gallery-columns-5 .gallery-item,.elementor-image-gallery .gallery.gallery-columns-6 .gallery-item,.elementor-image-gallery .gallery.gallery-columns-7 .gallery-item,.elementor-image-gallery .gallery.gallery-columns-8 .gallery-item,.elementor-image-gallery .gallery.gallery-columns-9 .gallery-item,.elementor-image-gallery .gallery.gallery-columns-10 .gallery-item{max-width:100%}}<\/style>\t\t<div class=\"elementor-image-gallery\">\n\t\t\t\n\t\t<style type=\"text\/css\">\n\t\t\t#gallery-1 {\n\t\t\t\tmargin: auto;\n\t\t\t}\n\t\t\t#gallery-1 .gallery-item {\n\t\t\t\tfloat: left;\n\t\t\t\tmargin-top: 10px;\n\t\t\t\ttext-align: center;\n\t\t\t\twidth: 25%;\n\t\t\t}\n\t\t\t#gallery-1 img {\n\t\t\t\tborder: 2px solid #cfcfcf;\n\t\t\t}\n\t\t\t#gallery-1 .gallery-caption {\n\t\t\t\tmargin-left: 0;\n\t\t\t}\n\t\t\t\/* see gallery_shortcode() in wp-includes\/media.php *\/\n\t\t<\/style>\n\t\t<div id='gallery-1' class='gallery galleryid-931 gallery-columns-4 gallery-size-thumbnail'><dl class='gallery-item'>\n\t\t\t<dt class='gallery-icon landscape'>\n\t\t\t\t<a data-elementor-open-lightbox=\"yes\" data-elementor-lightbox-slideshow=\"5f91dbc\" data-elementor-lightbox-description=\"4bda24e2-247f-4a4e-bdef-ae5bbd5863a6\" data-e-action-hash=\"#elementor-action%3Aaction%3Dlightbox%26settings%3DeyJpZCI6MTQ4NiwidXJsIjoiaHR0cDpcL1wvcnVnYnlicmF2ZXMuY2FcL3dwLWNvbnRlbnRcL3VwbG9hZHNcLzIwMjRcLzA0XC80YmRhMjRlMi0yNDdmLTRhNGUtYmRlZi1hZTViYmQ1ODYzYTYuanBnIiwic2xpZGVzaG93IjoiNWY5MWRiYyJ9\" href='http:\/\/rugbybraves.ca\/wp-content\/uploads\/2024\/04\/4bda24e2-247f-4a4e-bdef-ae5bbd5863a6.jpg'><img width=\"150\" height=\"150\" src=\"http:\/\/rugbybraves.ca\/wp-content\/uploads\/2024\/04\/4bda24e2-247f-4a4e-bdef-ae5bbd5863a6-150x150.jpg\" class=\"attachment-thumbnail size-thumbnail\" alt=\"\" decoding=\"async\" srcset=\"http:\/\/rugbybraves.ca\/wp-content\/uploads\/2024\/04\/4bda24e2-247f-4a4e-bdef-ae5bbd5863a6-150x150.jpg 150w, http:\/\/rugbybraves.ca\/wp-content\/uploads\/2024\/04\/4bda24e2-247f-4a4e-bdef-ae5bbd5863a6-300x300.jpg 300w, http:\/\/rugbybraves.ca\/wp-content\/uploads\/2024\/04\/4bda24e2-247f-4a4e-bdef-ae5bbd5863a6-100x100.jpg 100w\" sizes=\"(max-width: 150px) 100vw, 150px\" \/><\/a>\n\t\t\t<\/dt><\/dl><dl class='gallery-item'>\n\t\t\t<dt class='gallery-icon landscape'>\n\t\t\t\t<a data-elementor-open-lightbox=\"yes\" data-elementor-lightbox-slideshow=\"5f91dbc\" data-elementor-lightbox-description=\"photo-58\" data-e-action-hash=\"#elementor-action%3Aaction%3Dlightbox%26settings%3DeyJpZCI6MTQzNSwidXJsIjoiaHR0cDpcL1wvcnVnYnlicmF2ZXMuY2FcL3dwLWNvbnRlbnRcL3VwbG9hZHNcLzIwMjNcLzExXC9waG90by01OC1zY2FsZWQuanBnIiwic2xpZGVzaG93IjoiNWY5MWRiYyJ9\" href='http:\/\/rugbybraves.ca\/wp-content\/uploads\/2023\/11\/photo-58-scaled.jpg'><img width=\"150\" height=\"150\" src=\"http:\/\/rugbybraves.ca\/wp-content\/uploads\/2023\/11\/photo-58-150x150.jpg\" class=\"attachment-thumbnail size-thumbnail\" alt=\"\u00c9quipe f\u00e9minine m\u00eal\u00e9e-1\" decoding=\"async\" srcset=\"http:\/\/rugbybraves.ca\/wp-content\/uploads\/2023\/11\/photo-58-150x150.jpg 150w, http:\/\/rugbybraves.ca\/wp-content\/uploads\/2023\/11\/photo-58-300x300.jpg 300w, http:\/\/rugbybraves.ca\/wp-content\/uploads\/2023\/11\/photo-58-100x100.jpg 100w\" sizes=\"(max-width: 150px) 100vw, 150px\" \/><\/a>\n\t\t\t<\/dt><\/dl><dl class='gallery-item'>\n\t\t\t<dt class='gallery-icon landscape'>\n\t\t\t\t<a data-elementor-open-lightbox=\"yes\" data-elementor-lightbox-slideshow=\"5f91dbc\" data-elementor-lightbox-description=\"photo-59\" data-e-action-hash=\"#elementor-action%3Aaction%3Dlightbox%26settings%3DeyJpZCI6MTQzNCwidXJsIjoiaHR0cDpcL1wvcnVnYnlicmF2ZXMuY2FcL3dwLWNvbnRlbnRcL3VwbG9hZHNcLzIwMjNcLzExXC9waG90by01OS0xLXNjYWxlZC5qcGciLCJzbGlkZXNob3ciOiI1ZjkxZGJjIn0%3D\" href='http:\/\/rugbybraves.ca\/wp-content\/uploads\/2023\/11\/photo-59-1-scaled.jpg'><img width=\"150\" height=\"150\" src=\"http:\/\/rugbybraves.ca\/wp-content\/uploads\/2023\/11\/photo-59-1-150x150.jpg\" class=\"attachment-thumbnail size-thumbnail\" alt=\"\u00c9quipe f\u00e9minine m\u00eal\u00e9e-2\" decoding=\"async\" srcset=\"http:\/\/rugbybraves.ca\/wp-content\/uploads\/2023\/11\/photo-59-1-150x150.jpg 150w, http:\/\/rugbybraves.ca\/wp-content\/uploads\/2023\/11\/photo-59-1-300x300.jpg 300w, http:\/\/rugbybraves.ca\/wp-content\/uploads\/2023\/11\/photo-59-1-100x100.jpg 100w\" sizes=\"(max-width: 150px) 100vw, 150px\" \/><\/a>\n\t\t\t<\/dt><\/dl><dl class='gallery-item'>\n\t\t\t<dt class='gallery-icon landscape'>\n\t\t\t\t<a data-elementor-open-lightbox=\"yes\" data-elementor-lightbox-slideshow=\"5f91dbc\" data-elementor-lightbox-description=\"photo-60\" data-e-action-hash=\"#elementor-action%3Aaction%3Dlightbox%26settings%3DeyJpZCI6MTQzMywidXJsIjoiaHR0cDpcL1wvcnVnYnlicmF2ZXMuY2FcL3dwLWNvbnRlbnRcL3VwbG9hZHNcLzIwMjNcLzExXC9waG90by02MC1zY2FsZWQuanBnIiwic2xpZGVzaG93IjoiNWY5MWRiYyJ9\" href='http:\/\/rugbybraves.ca\/wp-content\/uploads\/2023\/11\/photo-60-scaled.jpg'><img loading=\"lazy\" width=\"150\" height=\"150\" src=\"http:\/\/rugbybraves.ca\/wp-content\/uploads\/2023\/11\/photo-60-150x150.jpg\" class=\"attachment-thumbnail size-thumbnail\" alt=\"\u00c9quipe f\u00e9minine lancer-1\" decoding=\"async\" srcset=\"http:\/\/rugbybraves.ca\/wp-content\/uploads\/2023\/11\/photo-60-150x150.jpg 150w, http:\/\/rugbybraves.ca\/wp-content\/uploads\/2023\/11\/photo-60-300x300.jpg 300w, http:\/\/rugbybraves.ca\/wp-content\/uploads\/2023\/11\/photo-60-100x100.jpg 100w\" sizes=\"(max-width: 150px) 100vw, 150px\" \/><\/a>\n\t\t\t<\/dt><\/dl><br style=\"clear: both\" \/><dl class='gallery-item'>\n\t\t\t<dt class='gallery-icon landscape'>\n\t\t\t\t<a data-elementor-open-lightbox=\"yes\" data-elementor-lightbox-slideshow=\"5f91dbc\" data-elementor-lightbox-description=\"photo-62\" data-e-action-hash=\"#elementor-action%3Aaction%3Dlightbox%26settings%3DeyJpZCI6MTQzMiwidXJsIjoiaHR0cDpcL1wvcnVnYnlicmF2ZXMuY2FcL3dwLWNvbnRlbnRcL3VwbG9hZHNcLzIwMjNcLzExXC9waG90by02Mi1zY2FsZWQuanBnIiwic2xpZGVzaG93IjoiNWY5MWRiYyJ9\" href='http:\/\/rugbybraves.ca\/wp-content\/uploads\/2023\/11\/photo-62-scaled.jpg'><img loading=\"lazy\" width=\"150\" height=\"150\" src=\"http:\/\/rugbybraves.ca\/wp-content\/uploads\/2023\/11\/photo-62-150x150.jpg\" class=\"attachment-thumbnail size-thumbnail\" alt=\"\u00c9quipe f\u00e9minine lancer-2\" decoding=\"async\" srcset=\"http:\/\/rugbybraves.ca\/wp-content\/uploads\/2023\/11\/photo-62-150x150.jpg 150w, http:\/\/rugbybraves.ca\/wp-content\/uploads\/2023\/11\/photo-62-300x300.jpg 300w, http:\/\/rugbybraves.ca\/wp-content\/uploads\/2023\/11\/photo-62-100x100.jpg 100w\" sizes=\"(max-width: 150px) 100vw, 150px\" \/><\/a>\n\t\t\t<\/dt><\/dl><dl class='gallery-item'>\n\t\t\t<dt class='gallery-icon landscape'>\n\t\t\t\t<a data-elementor-open-lightbox=\"yes\" data-elementor-lightbox-slideshow=\"5f91dbc\" data-elementor-lightbox-description=\"photo-68\" data-e-action-hash=\"#elementor-action%3Aaction%3Dlightbox%26settings%3DeyJpZCI6MTQzMSwidXJsIjoiaHR0cDpcL1wvcnVnYnlicmF2ZXMuY2FcL3dwLWNvbnRlbnRcL3VwbG9hZHNcLzIwMjNcLzExXC9waG90by02OC1zY2FsZWQuanBnIiwic2xpZGVzaG93IjoiNWY5MWRiYyJ9\" href='http:\/\/rugbybraves.ca\/wp-content\/uploads\/2023\/11\/photo-68-scaled.jpg'><img loading=\"lazy\" width=\"150\" height=\"150\" src=\"http:\/\/rugbybraves.ca\/wp-content\/uploads\/2023\/11\/photo-68-150x150.jpg\" class=\"attachment-thumbnail size-thumbnail\" alt=\"\u00c9quipe f\u00e9minine course-1\" decoding=\"async\" srcset=\"http:\/\/rugbybraves.ca\/wp-content\/uploads\/2023\/11\/photo-68-150x150.jpg 150w, http:\/\/rugbybraves.ca\/wp-content\/uploads\/2023\/11\/photo-68-300x300.jpg 300w, http:\/\/rugbybraves.ca\/wp-content\/uploads\/2023\/11\/photo-68-100x100.jpg 100w\" sizes=\"(max-width: 150px) 100vw, 150px\" \/><\/a>\n\t\t\t<\/dt><\/dl>\n\t\t\t<br style='clear: both' \/>\n\t\t<\/div>\n\t\t<\/div>\n\t\t\t\t<\/div>\n\t\t\t\t<\/div>\n\t\t\t\t\t<\/div>\n\t\t\t\t<\/div>\n\t\t\t\t<\/div>\n\t\t","protected":false},"excerpt":{"rendered":"","protected":false},"author":1,"featured_media":0,"parent":0,"menu_order":0,"comment_status":"closed","ping_status":"closed","template":"template-parts\/template-full-width.php","meta":{"footnotes":""},"acf":[],"_links":{"self":[{"href":"http:\/\/rugbybraves.ca\/index.php\/wp-json\/wp\/v2\/pages\/931"}],"collection":[{"href":"http:\/\/rugbybraves.ca\/index.php\/wp-json\/wp\/v2\/pages"}],"about":[{"href":"http:\/\/rugbybraves.ca\/index.php\/wp-json\/wp\/v2\/types\/page"}],"author":[{"embeddable":true,"href":"http:\/\/rugbybraves.ca\/index.php\/wp-json\/wp\/v2\/users\/1"}],"replies":[{"embeddable":true,"href":"http:\/\/rugbybraves.ca\/index.php\/wp-json\/wp\/v2\/comments?post=931"}],"version-history":[{"count":24,"href":"http:\/\/rugbybraves.ca\/index.php\/wp-json\/wp\/v2\/pages\/931\/revisions"}],"predecessor-version":[{"id":1489,"href":"http:\/\/rugbybraves.ca\/index.php\/wp-json\/wp\/v2\/pages\/931\/revisions\/1489"}],"wp:attachment":[{"href":"http:\/\/rugbybraves.ca\/index.php\/wp-json\/wp\/v2\/media?parent=931"}],"curies":[{"name":"wp","href":"https:\/\/api.w.org\/{rel}","templated":true}]}}